{"id":3567,"date":"2024-09-18T12:37:52","date_gmt":"2024-09-18T12:37:52","guid":{"rendered":"https:\/\/www.scsolutions.eu\/cloud-loesungen\/"},"modified":"2024-10-02T08:42:06","modified_gmt":"2024-10-02T08:42:06","slug":"cloud-loesungen","status":"publish","type":"page","link":"https:\/\/www.scsolutions.eu\/de\/cloud-loesungen\/","title":{"rendered":"Cloud-L\u00f6sungen"},"content":{"rendered":"\t\t<div data-elementor-type=\"wp-page\" data-elementor-id=\"3567\" class=\"elementor elementor-3567 elementor-3558\" data-elementor-post-type=\"page\">\n\t\t\t\t<div class=\"elementor-element elementor-element-1d77258 e-con-full e-flex e-con e-parent\" data-id=\"1d77258\" data-element_type=\"container\" data-e-type=\"container\" id=\"hero\">\n\t\t<div class=\"elementor-element elementor-element-fbad3f9 hero-wrapper e-flex e-con-boxed e-con e-child\" data-id=\"fbad3f9\" data-element_type=\"container\" data-e-type=\"container\" data-settings=\"{&quot;background_background&quot;:&quot;classic&quot;}\">\n\t\t\t\t\t<div class=\"e-con-inner\">\n\t\t<div class=\"elementor-element elementor-element-f895003 e-flex e-con-boxed e-con e-child\" data-id=\"f895003\" data-element_type=\"container\" data-e-type=\"container\" data-settings=\"{&quot;background_background&quot;:&quot;classic&quot;}\">\n\t\t\t\t\t<div class=\"e-con-inner\">\n\t\t<div class=\"elementor-element elementor-element-0221b40 e-con-full e-flex e-con e-child\" data-id=\"0221b40\" data-element_type=\"container\" data-e-type=\"container\">\n\t\t\t\t<div class=\"elementor-element elementor-element-3d5e058 elementor-widget elementor-widget-heading\" data-id=\"3d5e058\" data-element_type=\"widget\" data-e-type=\"widget\" data-widget_type=\"heading.default\">\n\t\t\t\t<div class=\"elementor-widget-container\">\n\t\t\t\t\t<h1 class=\"elementor-heading-title elementor-size-default\">Cloud-L\u00f6sungen<\/h1>\t\t\t\t<\/div>\n\t\t\t\t<\/div>\n\t\t\t\t<div class=\"elementor-element elementor-element-a551e73 elementor-widget elementor-widget-heading\" data-id=\"a551e73\" data-element_type=\"widget\" data-e-type=\"widget\" data-widget_type=\"heading.default\">\n\t\t\t\t<div class=\"elementor-widget-container\">\n\t\t\t\t\t<p class=\"elementor-heading-title elementor-size-default\">Verwalten Sie Ihre Website online  <\/p>\t\t\t\t<\/div>\n\t\t\t\t<\/div>\n\t\t\t\t<div class=\"elementor-element elementor-element-f1df72d elementor-widget elementor-widget-text-editor\" data-id=\"f1df72d\" data-element_type=\"widget\" data-e-type=\"widget\" data-widget_type=\"text-editor.default\">\n\t\t\t\t<div class=\"elementor-widget-container\">\n\t\t\t\t\t\t\t\t\t<p>Wir bieten Cloud-L\u00f6sungen f\u00fcr Zugang, Sicherheit und Verwaltung f\u00fcr neue Filialen. Einfach zu installieren und von \u00fcberall aus einfach zu verwalten. Eine gute L\u00f6sung f\u00fcr Existenzgr\u00fcnder im Self-Storage-Bereich.<\/p>\n\t\t\t\t\t\t\t\t<\/div>\n\t\t\t\t<\/div>\n\t\t\t\t<div class=\"elementor-element elementor-element-8ab1a3b knop elementor-widget elementor-widget-button\" data-id=\"8ab1a3b\" data-element_type=\"widget\" data-e-type=\"widget\" data-widget_type=\"button.default\">\n\t\t\t\t<div class=\"elementor-widget-container\">\n\t\t\t\t\t\t\t\t\t<div class=\"elementor-button-wrapper\">\n\t\t\t\t\t<a class=\"elementor-button elementor-button-link elementor-size-sm\" href=\"#cloud-producten\">\n\t\t\t\t\t\t<span class=\"elementor-button-content-wrapper\">\n\t\t\t\t\t\t<span class=\"elementor-button-icon\">\n\t\t\t\t<svg xmlns=\"http:\/\/www.w3.org\/2000\/svg\" width=\"24\" height=\"24\" viewBox=\"0 0 24 24\" fill=\"none\"><mask id=\"mask0_243_4804\" style=\"mask-type:alpha\" maskUnits=\"userSpaceOnUse\" x=\"0\" y=\"0\" width=\"24\" height=\"24\"><rect width=\"24\" height=\"24\" fill=\"#D9D9D9\"><\/rect><\/mask><g mask=\"url(#mask0_243_4804)\"><path d=\"M9.57511 12L5.70011 8.10005C5.51678 7.91672 5.42094 7.68755 5.41261 7.41255C5.40428 7.13755 5.50011 6.90005 5.70011 6.70005C5.88344 6.51672 6.11678 6.42505 6.40011 6.42505C6.68344 6.42505 6.91678 6.51672 7.10011 6.70005L11.7001 11.3C11.8001 11.4 11.8709 11.5084 11.9126 11.625C11.9543 11.7417 11.9751 11.8667 11.9751 12C11.9751 12.1334 11.9543 12.2584 11.9126 12.375C11.8709 12.4917 11.8001 12.6 11.7001 12.7L7.10011 17.3C6.91678 17.4834 6.68761 17.5792 6.41261 17.5875C6.13761 17.5959 5.90011 17.5 5.70011 17.3C5.51678 17.1167 5.42511 16.8834 5.42511 16.6C5.42511 16.3167 5.51678 16.0834 5.70011 15.9L9.57511 12ZM16.1751 12L12.3001 8.10005C12.1168 7.91672 12.0209 7.68755 12.0126 7.41255C12.0043 7.13755 12.1001 6.90005 12.3001 6.70005C12.4834 6.51672 12.7168 6.42505 13.0001 6.42505C13.2834 6.42505 13.5168 6.51672 13.7001 6.70005L18.3001 11.3C18.4001 11.4 18.4709 11.5084 18.5126 11.625C18.5543 11.7417 18.5751 11.8667 18.5751 12C18.5751 12.1334 18.5543 12.2584 18.5126 12.375C18.4709 12.4917 18.4001 12.6 18.3001 12.7L13.7001 17.3C13.5168 17.4834 13.2876 17.5792 13.0126 17.5875C12.7376 17.5959 12.5001 17.5 12.3001 17.3C12.1168 17.1167 12.0251 16.8834 12.0251 16.6C12.0251 16.3167 12.1168 16.0834 12.3001 15.9L16.1751 12Z\" fill=\"white\"><\/path><\/g><\/svg>\t\t\t<\/span>\n\t\t\t\t\t\t\t\t\t<span class=\"elementor-button-text\">Produkte ansehen<\/span>\n\t\t\t\t\t<\/span>\n\t\t\t\t\t<\/a>\n\t\t\t\t<\/div>\n\t\t\t\t\t\t\t\t<\/div>\n\t\t\t\t<\/div>\n\t\t\t\t<\/div>\n\t\t\t\t\t<\/div>\n\t\t\t\t<\/div>\n\t\t\t\t\t<\/div>\n\t\t\t\t<\/div>\n\t\t<div class=\"elementor-element elementor-element-4e19266 elementor-hidden-mobile e-flex e-con-boxed e-con e-child\" data-id=\"4e19266\" data-element_type=\"container\" data-e-type=\"container\" data-settings=\"{&quot;background_background&quot;:&quot;classic&quot;}\">\n\t\t\t\t\t<div class=\"e-con-inner\">\n\t\t\t\t\t<\/div>\n\t\t\t\t<\/div>\n\t\t\t\t<div class=\"elementor-element elementor-element-1e1131b elementor-absolute hero-image links elementor-widget elementor-widget-image\" data-id=\"1e1131b\" data-element_type=\"widget\" data-e-type=\"widget\" data-settings=\"{&quot;_position&quot;:&quot;absolute&quot;}\" data-widget_type=\"image.default\">\n\t\t\t\t<div class=\"elementor-widget-container\">\n\t\t\t\t\t\t\t\t\t\t\t\t\t\t\t<img fetchpriority=\"high\" decoding=\"async\" width=\"800\" height=\"533\" src=\"https:\/\/www.scsolutions.eu\/wp-content\/uploads\/2024\/08\/kleine-self-storage.png\" class=\"attachment-large size-large wp-image-2616\" alt=\"\" srcset=\"https:\/\/www.scsolutions.eu\/wp-content\/uploads\/2024\/08\/kleine-self-storage.png 894w, https:\/\/www.scsolutions.eu\/wp-content\/uploads\/2024\/08\/kleine-self-storage-300x200.png 300w, https:\/\/www.scsolutions.eu\/wp-content\/uploads\/2024\/08\/kleine-self-storage-768x512.png 768w\" sizes=\"(max-width: 800px) 100vw, 800px\" \/>\t\t\t\t\t\t\t\t\t\t\t\t\t\t\t<\/div>\n\t\t\t\t<\/div>\n\t\t\t\t<\/div>\n\t\t<div class=\"elementor-element elementor-element-b960666 cta-rechts e-flex e-con-boxed elementor-invisible e-con e-parent\" data-id=\"b960666\" data-element_type=\"container\" data-e-type=\"container\" id=\"cloud-producten\" data-settings=\"{&quot;animation&quot;:&quot;fadeInUp&quot;}\">\n\t\t\t\t\t<div class=\"e-con-inner\">\n\t\t<div class=\"elementor-element elementor-element-77a8203 e-con-full oranje oranje2 e-flex e-con e-child\" data-id=\"77a8203\" data-element_type=\"container\" data-e-type=\"container\" data-settings=\"{&quot;background_background&quot;:&quot;classic&quot;}\">\n\t\t<div class=\"elementor-element elementor-element-e171b85 e-con-full e-flex e-con e-child\" data-id=\"e171b85\" data-element_type=\"container\" data-e-type=\"container\">\n\t\t\t\t<div class=\"elementor-element elementor-element-6230f9c elementor-widget elementor-widget-heading\" data-id=\"6230f9c\" data-element_type=\"widget\" data-e-type=\"widget\" data-widget_type=\"heading.default\">\n\t\t\t\t<div class=\"elementor-widget-container\">\n\t\t\t\t\t<h2 class=\"elementor-heading-title elementor-size-default\">SC Access Cloud-Zugriffssoftware  <\/h2>\t\t\t\t<\/div>\n\t\t\t\t<\/div>\n\t\t\t\t<div class=\"elementor-element elementor-element-87cce64 elementor-widget elementor-widget-text-editor\" data-id=\"87cce64\" data-element_type=\"widget\" data-e-type=\"widget\" data-widget_type=\"text-editor.default\">\n\t\t\t\t<div class=\"elementor-widget-container\">\n\t\t\t\t\t\t\t\t\tEin einfaches Online-Paket, in dem Sie von jedem Ort mit Internet aus Mieter anlegen und Zutrittsbeschr\u00e4nkungen vereinbaren k\u00f6nnen. Auch die Eingabe von Texten f\u00fcr die Cloud-Tastatur und der Ausdruck von Berichten sind m\u00f6glich. Neugierig auf die M\u00f6glichkeiten?    \t\t\t\t\t\t\t\t<\/div>\n\t\t\t\t<\/div>\n\t\t<div class=\"elementor-element elementor-element-7c44a13 e-con-full e-flex e-con e-child\" data-id=\"7c44a13\" data-element_type=\"container\" data-e-type=\"container\">\n\t\t\t\t<div class=\"elementor-element elementor-element-ba05347 knop elementor-widget elementor-widget-button\" data-id=\"ba05347\" data-element_type=\"widget\" data-e-type=\"widget\" data-widget_type=\"button.default\">\n\t\t\t\t<div class=\"elementor-widget-container\">\n\t\t\t\t\t\t\t\t\t<div class=\"elementor-button-wrapper\">\n\t\t\t\t\t<a class=\"elementor-button elementor-button-link elementor-size-sm\" href=\"https:\/\/www.scsolutions.eu\/de\/sc-access-cloud-zugangssoftware\/\">\n\t\t\t\t\t\t<span class=\"elementor-button-content-wrapper\">\n\t\t\t\t\t\t<span class=\"elementor-button-icon\">\n\t\t\t\t<svg xmlns=\"http:\/\/www.w3.org\/2000\/svg\" width=\"24\" height=\"24\" viewBox=\"0 0 24 24\" fill=\"none\"><mask id=\"mask0_243_4804\" style=\"mask-type:alpha\" maskUnits=\"userSpaceOnUse\" x=\"0\" y=\"0\" width=\"24\" height=\"24\"><rect width=\"24\" height=\"24\" fill=\"#D9D9D9\"><\/rect><\/mask><g mask=\"url(#mask0_243_4804)\"><path d=\"M9.57511 12L5.70011 8.10005C5.51678 7.91672 5.42094 7.68755 5.41261 7.41255C5.40428 7.13755 5.50011 6.90005 5.70011 6.70005C5.88344 6.51672 6.11678 6.42505 6.40011 6.42505C6.68344 6.42505 6.91678 6.51672 7.10011 6.70005L11.7001 11.3C11.8001 11.4 11.8709 11.5084 11.9126 11.625C11.9543 11.7417 11.9751 11.8667 11.9751 12C11.9751 12.1334 11.9543 12.2584 11.9126 12.375C11.8709 12.4917 11.8001 12.6 11.7001 12.7L7.10011 17.3C6.91678 17.4834 6.68761 17.5792 6.41261 17.5875C6.13761 17.5959 5.90011 17.5 5.70011 17.3C5.51678 17.1167 5.42511 16.8834 5.42511 16.6C5.42511 16.3167 5.51678 16.0834 5.70011 15.9L9.57511 12ZM16.1751 12L12.3001 8.10005C12.1168 7.91672 12.0209 7.68755 12.0126 7.41255C12.0043 7.13755 12.1001 6.90005 12.3001 6.70005C12.4834 6.51672 12.7168 6.42505 13.0001 6.42505C13.2834 6.42505 13.5168 6.51672 13.7001 6.70005L18.3001 11.3C18.4001 11.4 18.4709 11.5084 18.5126 11.625C18.5543 11.7417 18.5751 11.8667 18.5751 12C18.5751 12.1334 18.5543 12.2584 18.5126 12.375C18.4709 12.4917 18.4001 12.6 18.3001 12.7L13.7001 17.3C13.5168 17.4834 13.2876 17.5792 13.0126 17.5875C12.7376 17.5959 12.5001 17.5 12.3001 17.3C12.1168 17.1167 12.0251 16.8834 12.0251 16.6C12.0251 16.3167 12.1168 16.0834 12.3001 15.9L16.1751 12Z\" fill=\"white\"><\/path><\/g><\/svg>\t\t\t<\/span>\n\t\t\t\t\t\t\t\t\t<span class=\"elementor-button-text\">Mehr anzeigen<\/span>\n\t\t\t\t\t<\/span>\n\t\t\t\t\t<\/a>\n\t\t\t\t<\/div>\n\t\t\t\t\t\t\t\t<\/div>\n\t\t\t\t<\/div>\n\t\t\t\t<\/div>\n\t\t\t\t<\/div>\n\t\t\t\t<div class=\"elementor-element elementor-element-7a7eddb elementor-absolute elementor-hidden-mobile elementor-widget elementor-widget-image\" data-id=\"7a7eddb\" data-element_type=\"widget\" data-e-type=\"widget\" data-settings=\"{&quot;_position&quot;:&quot;absolute&quot;}\" data-widget_type=\"image.default\">\n\t\t\t\t<div class=\"elementor-widget-container\">\n\t\t\t\t\t\t\t\t\t\t\t\t\t\t\t<img decoding=\"async\" width=\"800\" height=\"534\" src=\"https:\/\/www.scsolutions.eu\/wp-content\/uploads\/2024\/09\/SC-software-1024x683.png\" class=\"attachment-large size-large wp-image-4939\" alt=\"\" srcset=\"https:\/\/www.scsolutions.eu\/wp-content\/uploads\/2024\/09\/SC-software-1024x683.png 1024w, https:\/\/www.scsolutions.eu\/wp-content\/uploads\/2024\/09\/SC-software-300x200.png 300w, https:\/\/www.scsolutions.eu\/wp-content\/uploads\/2024\/09\/SC-software-768x512.png 768w, https:\/\/www.scsolutions.eu\/wp-content\/uploads\/2024\/09\/SC-software-1536x1024.png 1536w, https:\/\/www.scsolutions.eu\/wp-content\/uploads\/2024\/09\/SC-software-2048x1365.png 2048w\" sizes=\"(max-width: 800px) 100vw, 800px\" \/>\t\t\t\t\t\t\t\t\t\t\t\t\t\t\t<\/div>\n\t\t\t\t<\/div>\n\t\t\t\t<\/div>\n\t\t\t\t\t<\/div>\n\t\t\t\t<\/div>\n\t\t<div class=\"elementor-element elementor-element-a60eb7d cta-rechts e-flex e-con-boxed elementor-invisible e-con e-parent\" data-id=\"a60eb7d\" data-element_type=\"container\" data-e-type=\"container\" data-settings=\"{&quot;animation&quot;:&quot;fadeInUp&quot;}\">\n\t\t\t\t\t<div class=\"e-con-inner\">\n\t\t<div class=\"elementor-element elementor-element-1eeac71 e-con-full oranje blauw e-flex e-con e-child\" data-id=\"1eeac71\" data-element_type=\"container\" data-e-type=\"container\" data-settings=\"{&quot;background_background&quot;:&quot;classic&quot;}\">\n\t\t<div class=\"elementor-element elementor-element-5cf2efc e-con-full e-flex e-con e-child\" data-id=\"5cf2efc\" data-element_type=\"container\" data-e-type=\"container\">\n\t\t\t\t<div class=\"elementor-element elementor-element-6258644 elementor-widget elementor-widget-heading\" data-id=\"6258644\" data-element_type=\"widget\" data-e-type=\"widget\" data-widget_type=\"heading.default\">\n\t\t\t\t<div class=\"elementor-widget-container\">\n\t\t\t\t\t<h2 class=\"elementor-heading-title elementor-size-default\">Cloud-Tastatur  <\/h2>\t\t\t\t<\/div>\n\t\t\t\t<\/div>\n\t\t\t\t<div class=\"elementor-element elementor-element-c9d8c7e elementor-widget elementor-widget-text-editor\" data-id=\"c9d8c7e\" data-element_type=\"widget\" data-e-type=\"widget\" data-widget_type=\"text-editor.default\">\n\t\t\t\t<div class=\"elementor-widget-container\">\n\t\t\t\t\t\t\t\t\tIn Verbindung mit unserer Cloud-Software haben wir ein Cloud Keypad entwickelt, das es erm\u00f6glicht, den Zugang \u00fcber einen PIN-Code zu gew\u00e4hren, ohne dass zus\u00e4tzliche Pakete und Produkte erforderlich sind. Intelligent und effektiv.   \t\t\t\t\t\t\t\t<\/div>\n\t\t\t\t<\/div>\n\t\t<div class=\"elementor-element elementor-element-7ef6c9f e-con-full e-flex e-con e-child\" data-id=\"7ef6c9f\" data-element_type=\"container\" data-e-type=\"container\">\n\t\t\t\t<div class=\"elementor-element elementor-element-83d3e96 knop elementor-widget elementor-widget-button\" data-id=\"83d3e96\" data-element_type=\"widget\" data-e-type=\"widget\" data-widget_type=\"button.default\">\n\t\t\t\t<div class=\"elementor-widget-container\">\n\t\t\t\t\t\t\t\t\t<div class=\"elementor-button-wrapper\">\n\t\t\t\t\t<a class=\"elementor-button elementor-button-link elementor-size-sm\" href=\"https:\/\/www.scsolutions.eu\/de\/cloud-tastaturen\/\">\n\t\t\t\t\t\t<span class=\"elementor-button-content-wrapper\">\n\t\t\t\t\t\t<span class=\"elementor-button-icon\">\n\t\t\t\t<svg xmlns=\"http:\/\/www.w3.org\/2000\/svg\" width=\"24\" height=\"24\" viewBox=\"0 0 24 24\" fill=\"none\"><mask id=\"mask0_243_4804\" style=\"mask-type:alpha\" maskUnits=\"userSpaceOnUse\" x=\"0\" y=\"0\" width=\"24\" height=\"24\"><rect width=\"24\" height=\"24\" fill=\"#D9D9D9\"><\/rect><\/mask><g mask=\"url(#mask0_243_4804)\"><path d=\"M9.57511 12L5.70011 8.10005C5.51678 7.91672 5.42094 7.68755 5.41261 7.41255C5.40428 7.13755 5.50011 6.90005 5.70011 6.70005C5.88344 6.51672 6.11678 6.42505 6.40011 6.42505C6.68344 6.42505 6.91678 6.51672 7.10011 6.70005L11.7001 11.3C11.8001 11.4 11.8709 11.5084 11.9126 11.625C11.9543 11.7417 11.9751 11.8667 11.9751 12C11.9751 12.1334 11.9543 12.2584 11.9126 12.375C11.8709 12.4917 11.8001 12.6 11.7001 12.7L7.10011 17.3C6.91678 17.4834 6.68761 17.5792 6.41261 17.5875C6.13761 17.5959 5.90011 17.5 5.70011 17.3C5.51678 17.1167 5.42511 16.8834 5.42511 16.6C5.42511 16.3167 5.51678 16.0834 5.70011 15.9L9.57511 12ZM16.1751 12L12.3001 8.10005C12.1168 7.91672 12.0209 7.68755 12.0126 7.41255C12.0043 7.13755 12.1001 6.90005 12.3001 6.70005C12.4834 6.51672 12.7168 6.42505 13.0001 6.42505C13.2834 6.42505 13.5168 6.51672 13.7001 6.70005L18.3001 11.3C18.4001 11.4 18.4709 11.5084 18.5126 11.625C18.5543 11.7417 18.5751 11.8667 18.5751 12C18.5751 12.1334 18.5543 12.2584 18.5126 12.375C18.4709 12.4917 18.4001 12.6 18.3001 12.7L13.7001 17.3C13.5168 17.4834 13.2876 17.5792 13.0126 17.5875C12.7376 17.5959 12.5001 17.5 12.3001 17.3C12.1168 17.1167 12.0251 16.8834 12.0251 16.6C12.0251 16.3167 12.1168 16.0834 12.3001 15.9L16.1751 12Z\" fill=\"white\"><\/path><\/g><\/svg>\t\t\t<\/span>\n\t\t\t\t\t\t\t\t\t<span class=\"elementor-button-text\">Mehr anzeigen<\/span>\n\t\t\t\t\t<\/span>\n\t\t\t\t\t<\/a>\n\t\t\t\t<\/div>\n\t\t\t\t\t\t\t\t<\/div>\n\t\t\t\t<\/div>\n\t\t\t\t<\/div>\n\t\t\t\t<\/div>\n\t\t\t\t<div class=\"elementor-element elementor-element-354b541 elementor-absolute elementor-hidden-mobile elementor-widget elementor-widget-image\" data-id=\"354b541\" data-element_type=\"widget\" data-e-type=\"widget\" data-settings=\"{&quot;_position&quot;:&quot;absolute&quot;}\" data-widget_type=\"image.default\">\n\t\t\t\t<div class=\"elementor-widget-container\">\n\t\t\t\t\t\t\t\t\t\t\t\t\t\t\t<img decoding=\"async\" width=\"800\" height=\"951\" src=\"https:\/\/www.scsolutions.eu\/wp-content\/uploads\/2024\/09\/keypad-vrijstaand-1-861x1024.png\" class=\"attachment-large size-large wp-image-4924\" alt=\"\" srcset=\"https:\/\/www.scsolutions.eu\/wp-content\/uploads\/2024\/09\/keypad-vrijstaand-1-861x1024.png 861w, https:\/\/www.scsolutions.eu\/wp-content\/uploads\/2024\/09\/keypad-vrijstaand-1-252x300.png 252w, https:\/\/www.scsolutions.eu\/wp-content\/uploads\/2024\/09\/keypad-vrijstaand-1-768x914.png 768w, https:\/\/www.scsolutions.eu\/wp-content\/uploads\/2024\/09\/keypad-vrijstaand-1-1291x1536.png 1291w, https:\/\/www.scsolutions.eu\/wp-content\/uploads\/2024\/09\/keypad-vrijstaand-1-1721x2048.png 1721w\" sizes=\"(max-width: 800px) 100vw, 800px\" \/>\t\t\t\t\t\t\t\t\t\t\t\t\t\t\t<\/div>\n\t\t\t\t<\/div>\n\t\t\t\t<\/div>\n\t\t\t\t\t<\/div>\n\t\t\t\t<\/div>\n\t\t<div class=\"elementor-element elementor-element-a1f1c9c cta-rechts e-flex e-con-boxed elementor-invisible e-con e-parent\" data-id=\"a1f1c9c\" data-element_type=\"container\" data-e-type=\"container\" data-settings=\"{&quot;animation&quot;:&quot;fadeInUp&quot;}\">\n\t\t\t\t\t<div class=\"e-con-inner\">\n\t\t<div class=\"elementor-element elementor-element-6f87f3f e-con-full oranje oranje2 e-flex e-con e-child\" data-id=\"6f87f3f\" data-element_type=\"container\" data-e-type=\"container\" data-settings=\"{&quot;background_background&quot;:&quot;classic&quot;}\">\n\t\t<div class=\"elementor-element elementor-element-b435b0f e-con-full e-flex e-con e-child\" data-id=\"b435b0f\" data-element_type=\"container\" data-e-type=\"container\">\n\t\t\t\t<div class=\"elementor-element elementor-element-6293e17 elementor-widget elementor-widget-heading\" data-id=\"6293e17\" data-element_type=\"widget\" data-e-type=\"widget\" data-widget_type=\"heading.default\">\n\t\t\t\t<div class=\"elementor-widget-container\">\n\t\t\t\t\t<h2 class=\"elementor-heading-title elementor-size-default\">AppSmartAccess  <\/h2>\t\t\t\t<\/div>\n\t\t\t\t<\/div>\n\t\t\t\t<div class=\"elementor-element elementor-element-3d0357d elementor-widget elementor-widget-text-editor\" data-id=\"3d0357d\" data-element_type=\"widget\" data-e-type=\"widget\" data-widget_type=\"text-editor.default\">\n\t\t\t\t<div class=\"elementor-widget-container\">\n\t\t\t\t\t\t\t\t\tMit unserer App f\u00fcr Mieter ist es m\u00f6glich, Zutritt zum Grundst\u00fcck, zum Geb\u00e4ude und zu den Einheiten zu gew\u00e4hren.  \t\t\t\t\t\t\t\t<\/div>\n\t\t\t\t<\/div>\n\t\t<div class=\"elementor-element elementor-element-9c16498 e-con-full e-flex e-con e-child\" data-id=\"9c16498\" data-element_type=\"container\" data-e-type=\"container\">\n\t\t\t\t<div class=\"elementor-element elementor-element-04ba454 knop elementor-widget elementor-widget-button\" data-id=\"04ba454\" data-element_type=\"widget\" data-e-type=\"widget\" data-widget_type=\"button.default\">\n\t\t\t\t<div class=\"elementor-widget-container\">\n\t\t\t\t\t\t\t\t\t<div class=\"elementor-button-wrapper\">\n\t\t\t\t\t<a class=\"elementor-button elementor-button-link elementor-size-sm\" href=\"https:\/\/www.scsolutions.eu\/de\/app-smart-access-mieter\/\">\n\t\t\t\t\t\t<span class=\"elementor-button-content-wrapper\">\n\t\t\t\t\t\t<span class=\"elementor-button-icon\">\n\t\t\t\t<svg xmlns=\"http:\/\/www.w3.org\/2000\/svg\" width=\"24\" height=\"24\" viewBox=\"0 0 24 24\" fill=\"none\"><mask id=\"mask0_243_4804\" style=\"mask-type:alpha\" maskUnits=\"userSpaceOnUse\" x=\"0\" y=\"0\" width=\"24\" height=\"24\"><rect width=\"24\" height=\"24\" fill=\"#D9D9D9\"><\/rect><\/mask><g mask=\"url(#mask0_243_4804)\"><path d=\"M9.57511 12L5.70011 8.10005C5.51678 7.91672 5.42094 7.68755 5.41261 7.41255C5.40428 7.13755 5.50011 6.90005 5.70011 6.70005C5.88344 6.51672 6.11678 6.42505 6.40011 6.42505C6.68344 6.42505 6.91678 6.51672 7.10011 6.70005L11.7001 11.3C11.8001 11.4 11.8709 11.5084 11.9126 11.625C11.9543 11.7417 11.9751 11.8667 11.9751 12C11.9751 12.1334 11.9543 12.2584 11.9126 12.375C11.8709 12.4917 11.8001 12.6 11.7001 12.7L7.10011 17.3C6.91678 17.4834 6.68761 17.5792 6.41261 17.5875C6.13761 17.5959 5.90011 17.5 5.70011 17.3C5.51678 17.1167 5.42511 16.8834 5.42511 16.6C5.42511 16.3167 5.51678 16.0834 5.70011 15.9L9.57511 12ZM16.1751 12L12.3001 8.10005C12.1168 7.91672 12.0209 7.68755 12.0126 7.41255C12.0043 7.13755 12.1001 6.90005 12.3001 6.70005C12.4834 6.51672 12.7168 6.42505 13.0001 6.42505C13.2834 6.42505 13.5168 6.51672 13.7001 6.70005L18.3001 11.3C18.4001 11.4 18.4709 11.5084 18.5126 11.625C18.5543 11.7417 18.5751 11.8667 18.5751 12C18.5751 12.1334 18.5543 12.2584 18.5126 12.375C18.4709 12.4917 18.4001 12.6 18.3001 12.7L13.7001 17.3C13.5168 17.4834 13.2876 17.5792 13.0126 17.5875C12.7376 17.5959 12.5001 17.5 12.3001 17.3C12.1168 17.1167 12.0251 16.8834 12.0251 16.6C12.0251 16.3167 12.1168 16.0834 12.3001 15.9L16.1751 12Z\" fill=\"white\"><\/path><\/g><\/svg>\t\t\t<\/span>\n\t\t\t\t\t\t\t\t\t<span class=\"elementor-button-text\">Mehr anzeigen<\/span>\n\t\t\t\t\t<\/span>\n\t\t\t\t\t<\/a>\n\t\t\t\t<\/div>\n\t\t\t\t\t\t\t\t<\/div>\n\t\t\t\t<\/div>\n\t\t\t\t<\/div>\n\t\t\t\t<\/div>\n\t\t\t\t<div class=\"elementor-element elementor-element-43c3f5b elementor-absolute elementor-hidden-mobile elementor-widget elementor-widget-image\" data-id=\"43c3f5b\" data-element_type=\"widget\" data-e-type=\"widget\" data-settings=\"{&quot;_position&quot;:&quot;absolute&quot;}\" data-widget_type=\"image.default\">\n\t\t\t\t<div class=\"elementor-widget-container\">\n\t\t\t\t\t\t\t\t\t\t\t\t\t\t\t<img loading=\"lazy\" decoding=\"async\" width=\"526\" height=\"519\" src=\"https:\/\/www.scsolutions.eu\/wp-content\/uploads\/2024\/10\/sc-access-huurders.png\" class=\"attachment-large size-large wp-image-5569\" alt=\"\" srcset=\"https:\/\/www.scsolutions.eu\/wp-content\/uploads\/2024\/10\/sc-access-huurders.png 526w, https:\/\/www.scsolutions.eu\/wp-content\/uploads\/2024\/10\/sc-access-huurders-300x296.png 300w\" sizes=\"(max-width: 526px) 100vw, 526px\" \/>\t\t\t\t\t\t\t\t\t\t\t\t\t\t\t<\/div>\n\t\t\t\t<\/div>\n\t\t\t\t<\/div>\n\t\t\t\t\t<\/div>\n\t\t\t\t<\/div>\n\t\t\t\t<\/div>\n\t\t","protected":false},"excerpt":{"rendered":"<p>Cloud-L\u00f6sungen Verwalten Sie Ihre Website online Wir bieten Cloud-L\u00f6sungen f\u00fcr Zugang, Sicherheit und Verwaltung f\u00fcr neue Filialen. Einfach zu installieren und von \u00fcberall aus einfach zu verwalten. Eine gute L\u00f6sung f\u00fcr Existenzgr\u00fcnder im Self-Storage-Bereich. Produkte ansehen SC Access Cloud-Zugriffssoftware Ein einfaches Online-Paket, in dem Sie von jedem Ort mit Internet aus Mieter anlegen und Zutrittsbeschr\u00e4nkungen [&hellip;]<\/p>\n","protected":false},"author":2,"featured_media":0,"parent":0,"menu_order":0,"comment_status":"closed","ping_status":"closed","template":"","meta":{"_glsr_average":0,"_glsr_ranking":0,"_glsr_reviews":0,"footnotes":""},"class_list":["post-3567","page","type-page","status-publish","hentry"],"_links":{"self":[{"href":"https:\/\/www.scsolutions.eu\/de\/wp-json\/wp\/v2\/pages\/3567","targetHints":{"allow":["GET"]}}],"collection":[{"href":"https:\/\/www.scsolutions.eu\/de\/wp-json\/wp\/v2\/pages"}],"about":[{"href":"https:\/\/www.scsolutions.eu\/de\/wp-json\/wp\/v2\/types\/page"}],"author":[{"embeddable":true,"href":"https:\/\/www.scsolutions.eu\/de\/wp-json\/wp\/v2\/users\/2"}],"replies":[{"embeddable":true,"href":"https:\/\/www.scsolutions.eu\/de\/wp-json\/wp\/v2\/comments?post=3567"}],"version-history":[{"count":0,"href":"https:\/\/www.scsolutions.eu\/de\/wp-json\/wp\/v2\/pages\/3567\/revisions"}],"wp:attachment":[{"href":"https:\/\/www.scsolutions.eu\/de\/wp-json\/wp\/v2\/media?parent=3567"}],"curies":[{"name":"wp","href":"https:\/\/api.w.org\/{rel}","templated":true}]}}