{"id":3318,"date":"2024-09-03T10:23:49","date_gmt":"2024-09-03T10:23:49","guid":{"rendered":"https:\/\/www.scsolutions.eu\/gegensprechanlage\/"},"modified":"2024-10-01T15:23:15","modified_gmt":"2024-10-01T15:23:15","slug":"gegensprechanlage","status":"publish","type":"page","link":"https:\/\/www.scsolutions.eu\/de\/gegensprechanlage\/","title":{"rendered":"Gegensprechanlage"},"content":{"rendered":"\t\t<div data-elementor-type=\"wp-page\" data-elementor-id=\"3318\" class=\"elementor elementor-3318 elementor-2056\" data-elementor-post-type=\"page\">\n\t\t\t\t<div class=\"elementor-element elementor-element-b3cf2c7 e-con-full e-flex e-con e-parent\" data-id=\"b3cf2c7\" data-element_type=\"container\" data-e-type=\"container\" id=\"hero\">\n\t\t<div class=\"elementor-element elementor-element-45d3acf hero-wrapper e-flex e-con-boxed e-con e-child\" data-id=\"45d3acf\" data-element_type=\"container\" data-e-type=\"container\" data-settings=\"{&quot;background_background&quot;:&quot;classic&quot;}\">\n\t\t\t\t\t<div class=\"e-con-inner\">\n\t\t<div class=\"elementor-element elementor-element-44bea36 e-flex e-con-boxed e-con e-child\" data-id=\"44bea36\" data-element_type=\"container\" data-e-type=\"container\" data-settings=\"{&quot;background_background&quot;:&quot;classic&quot;}\">\n\t\t\t\t\t<div class=\"e-con-inner\">\n\t\t<div class=\"elementor-element elementor-element-b3a91b6 e-con-full e-flex e-con e-child\" data-id=\"b3a91b6\" data-element_type=\"container\" data-e-type=\"container\">\n\t\t\t\t<div class=\"elementor-element elementor-element-3809059 elementor-widget elementor-widget-heading\" data-id=\"3809059\" data-element_type=\"widget\" data-e-type=\"widget\" data-widget_type=\"heading.default\">\n\t\t\t\t<div class=\"elementor-widget-container\">\n\t\t\t\t\t<h1 class=\"elementor-heading-title elementor-size-default\">Gegensprechanlage<\/h1>\t\t\t\t<\/div>\n\t\t\t\t<\/div>\n\t\t\t\t<div class=\"elementor-element elementor-element-c336a09 elementor-widget elementor-widget-heading\" data-id=\"c336a09\" data-element_type=\"widget\" data-e-type=\"widget\" data-widget_type=\"heading.default\">\n\t\t\t\t<div class=\"elementor-widget-container\">\n\t\t\t\t\t<p class=\"elementor-heading-title elementor-size-default\">M\u00f6chten Sie bei Fragen erreichbar bleiben?  <\/p>\t\t\t\t<\/div>\n\t\t\t\t<\/div>\n\t\t\t\t<div class=\"elementor-element elementor-element-62a3193 elementor-widget elementor-widget-text-editor\" data-id=\"62a3193\" data-element_type=\"widget\" data-e-type=\"widget\" data-widget_type=\"text-editor.default\">\n\t\t\t\t<div class=\"elementor-widget-container\">\n\t\t\t\t\t\t\t\t\t<p>F\u00fcr welche Art der Zugangskontrolle Sie sich auch entscheiden: ein Mieter wird von Zeit zu Zeit Hilfe ben\u00f6tigen.<br \/>\nSprachverbindungen machen den Zugang zu Ihren R\u00e4umlichkeiten pers\u00f6nlicher. <\/p>\n\t\t\t\t\t\t\t\t<\/div>\n\t\t\t\t<\/div>\n\t\t\t\t<div class=\"elementor-element elementor-element-905cec6 knop elementor-widget elementor-widget-button\" data-id=\"905cec6\" data-element_type=\"widget\" data-e-type=\"widget\" data-widget_type=\"button.default\">\n\t\t\t\t<div class=\"elementor-widget-container\">\n\t\t\t\t\t\t\t\t\t<div class=\"elementor-button-wrapper\">\n\t\t\t\t\t<a class=\"elementor-button elementor-button-link elementor-size-sm\" href=\"#intercom-content\">\n\t\t\t\t\t\t<span class=\"elementor-button-content-wrapper\">\n\t\t\t\t\t\t<span class=\"elementor-button-icon\">\n\t\t\t\t<svg xmlns=\"http:\/\/www.w3.org\/2000\/svg\" width=\"24\" height=\"24\" viewBox=\"0 0 24 24\" fill=\"none\"><mask id=\"mask0_243_4804\" style=\"mask-type:alpha\" maskUnits=\"userSpaceOnUse\" x=\"0\" y=\"0\" width=\"24\" height=\"24\"><rect width=\"24\" height=\"24\" fill=\"#D9D9D9\"><\/rect><\/mask><g mask=\"url(#mask0_243_4804)\"><path d=\"M9.57511 12L5.70011 8.10005C5.51678 7.91672 5.42094 7.68755 5.41261 7.41255C5.40428 7.13755 5.50011 6.90005 5.70011 6.70005C5.88344 6.51672 6.11678 6.42505 6.40011 6.42505C6.68344 6.42505 6.91678 6.51672 7.10011 6.70005L11.7001 11.3C11.8001 11.4 11.8709 11.5084 11.9126 11.625C11.9543 11.7417 11.9751 11.8667 11.9751 12C11.9751 12.1334 11.9543 12.2584 11.9126 12.375C11.8709 12.4917 11.8001 12.6 11.7001 12.7L7.10011 17.3C6.91678 17.4834 6.68761 17.5792 6.41261 17.5875C6.13761 17.5959 5.90011 17.5 5.70011 17.3C5.51678 17.1167 5.42511 16.8834 5.42511 16.6C5.42511 16.3167 5.51678 16.0834 5.70011 15.9L9.57511 12ZM16.1751 12L12.3001 8.10005C12.1168 7.91672 12.0209 7.68755 12.0126 7.41255C12.0043 7.13755 12.1001 6.90005 12.3001 6.70005C12.4834 6.51672 12.7168 6.42505 13.0001 6.42505C13.2834 6.42505 13.5168 6.51672 13.7001 6.70005L18.3001 11.3C18.4001 11.4 18.4709 11.5084 18.5126 11.625C18.5543 11.7417 18.5751 11.8667 18.5751 12C18.5751 12.1334 18.5543 12.2584 18.5126 12.375C18.4709 12.4917 18.4001 12.6 18.3001 12.7L13.7001 17.3C13.5168 17.4834 13.2876 17.5792 13.0126 17.5875C12.7376 17.5959 12.5001 17.5 12.3001 17.3C12.1168 17.1167 12.0251 16.8834 12.0251 16.6C12.0251 16.3167 12.1168 16.0834 12.3001 15.9L16.1751 12Z\" fill=\"white\"><\/path><\/g><\/svg>\t\t\t<\/span>\n\t\t\t\t\t\t\t\t\t<span class=\"elementor-button-text\">Finden Sie hier mehr heraus<\/span>\n\t\t\t\t\t<\/span>\n\t\t\t\t\t<\/a>\n\t\t\t\t<\/div>\n\t\t\t\t\t\t\t\t<\/div>\n\t\t\t\t<\/div>\n\t\t\t\t<\/div>\n\t\t\t\t\t<\/div>\n\t\t\t\t<\/div>\n\t\t\t\t\t<\/div>\n\t\t\t\t<\/div>\n\t\t<div class=\"elementor-element elementor-element-1e4417d elementor-hidden-mobile e-flex e-con-boxed e-con e-child\" data-id=\"1e4417d\" data-element_type=\"container\" data-e-type=\"container\" data-settings=\"{&quot;background_background&quot;:&quot;classic&quot;}\">\n\t\t\t\t\t<div class=\"e-con-inner\">\n\t\t\t\t\t<\/div>\n\t\t\t\t<\/div>\n\t\t\t\t<div class=\"elementor-element elementor-element-eebd0cc elementor-absolute hero-image links elementor-widget elementor-widget-image\" data-id=\"eebd0cc\" data-element_type=\"widget\" data-e-type=\"widget\" data-settings=\"{&quot;_position&quot;:&quot;absolute&quot;}\" data-widget_type=\"image.default\">\n\t\t\t\t<div class=\"elementor-widget-container\">\n\t\t\t\t\t\t\t\t\t\t\t\t\t\t\t<img fetchpriority=\"high\" decoding=\"async\" width=\"800\" height=\"505\" src=\"https:\/\/www.scsolutions.eu\/wp-content\/uploads\/2024\/10\/1.-hoofdfoto-4-1024x646.jpg\" class=\"attachment-large size-large wp-image-5267\" alt=\"\" srcset=\"https:\/\/www.scsolutions.eu\/wp-content\/uploads\/2024\/10\/1.-hoofdfoto-4-1024x646.jpg 1024w, https:\/\/www.scsolutions.eu\/wp-content\/uploads\/2024\/10\/1.-hoofdfoto-4-300x189.jpg 300w, https:\/\/www.scsolutions.eu\/wp-content\/uploads\/2024\/10\/1.-hoofdfoto-4-768x485.jpg 768w, https:\/\/www.scsolutions.eu\/wp-content\/uploads\/2024\/10\/1.-hoofdfoto-4-1536x970.jpg 1536w, https:\/\/www.scsolutions.eu\/wp-content\/uploads\/2024\/10\/1.-hoofdfoto-4.jpg 1817w\" sizes=\"(max-width: 800px) 100vw, 800px\" \/>\t\t\t\t\t\t\t\t\t\t\t\t\t\t\t<\/div>\n\t\t\t\t<\/div>\n\t\t\t\t<\/div>\n\t\t<div class=\"elementor-element elementor-element-9d38170 e-flex e-con-boxed elementor-invisible e-con e-parent\" data-id=\"9d38170\" data-element_type=\"container\" data-e-type=\"container\" id=\"intercom-content\" data-settings=\"{&quot;animation&quot;:&quot;fadeInUp&quot;}\">\n\t\t\t\t\t<div class=\"e-con-inner\">\n\t\t<div class=\"elementor-element elementor-element-fc3ad7b e-con-full e-flex e-con e-child\" data-id=\"fc3ad7b\" data-element_type=\"container\" data-e-type=\"container\" data-settings=\"{&quot;background_background&quot;:&quot;classic&quot;}\">\n\t\t<div class=\"elementor-element elementor-element-60cc5a0 e-con-full e-flex e-con e-child\" data-id=\"60cc5a0\" data-element_type=\"container\" data-e-type=\"container\">\n\t\t\t\t<div class=\"elementor-element elementor-element-a7a72c7 elementor-widget elementor-widget-image\" data-id=\"a7a72c7\" data-element_type=\"widget\" data-e-type=\"widget\" data-widget_type=\"image.default\">\n\t\t\t\t<div class=\"elementor-widget-container\">\n\t\t\t\t\t\t\t\t\t\t\t\t\t\t\t<img decoding=\"async\" width=\"54\" height=\"15\" src=\"https:\/\/www.scsolutions.eu\/wp-content\/uploads\/2024\/07\/3-ruiten.svg\" class=\"attachment-large size-large wp-image-2562\" alt=\"\" \/>\t\t\t\t\t\t\t\t\t\t\t\t\t\t\t<\/div>\n\t\t\t\t<\/div>\n\t\t\t\t<div class=\"elementor-element elementor-element-0b158f9 elementor-widget elementor-widget-heading\" data-id=\"0b158f9\" data-element_type=\"widget\" data-e-type=\"widget\" data-widget_type=\"heading.default\">\n\t\t\t\t<div class=\"elementor-widget-container\">\n\t\t\t\t\t<h2 class=\"elementor-heading-title elementor-size-default\">Gegensprechanlage mit Tastenfeld<\/h2>\t\t\t\t<\/div>\n\t\t\t\t<\/div>\n\t\t\t\t<div class=\"elementor-element elementor-element-dbc79ce elementor-widget elementor-widget-text-editor\" data-id=\"dbc79ce\" data-element_type=\"widget\" data-e-type=\"widget\" data-widget_type=\"text-editor.default\">\n\t\t\t\t<div class=\"elementor-widget-container\">\n\t\t\t\t\t\t\t\t\tUnsere Gegensprechanlagen werden oft in Kombination mit einer Tastatur installiert.\nDie Gegensprechanlage stellt eine H\u00f6r-Sprech-Verbindung zwischen der Gegensprechanlage und einer beliebigen Telefonnummer her, die Sie anrufen m\u00f6chten.\nAuf Knopfdruck &#8222;klingelt&#8220; der Gast und erm\u00f6glicht die Kommunikation aus der Ferne.\nAuf diese Weise bleiben Sie f\u00fcr Ihre Mieter bei Fragen und Problemen immer erreichbar.   \t\t\t\t\t\t\t\t<\/div>\n\t\t\t\t<\/div>\n\t\t\t\t<\/div>\n\t\t\t\t<\/div>\n\t\t<div class=\"elementor-element elementor-element-84352a6 e-con-full bg e-flex e-con e-child\" data-id=\"84352a6\" data-element_type=\"container\" data-e-type=\"container\" data-settings=\"{&quot;background_background&quot;:&quot;classic&quot;}\">\n\t\t<div class=\"elementor-element elementor-element-63ee156 e-con-full ruit-lijst e-flex e-con e-child\" data-id=\"63ee156\" data-element_type=\"container\" data-e-type=\"container\">\n\t\t<div class=\"elementor-element elementor-element-bbffc0b e-con-full e-flex e-con e-child\" data-id=\"bbffc0b\" data-element_type=\"container\" data-e-type=\"container\">\n\t\t<div class=\"elementor-element elementor-element-1bf6478 e-con-full e-flex e-con e-child\" data-id=\"1bf6478\" data-element_type=\"container\" data-e-type=\"container\">\n\t\t\t\t<div class=\"elementor-element elementor-element-ea44629 elementor-widget elementor-widget-image\" data-id=\"ea44629\" data-element_type=\"widget\" data-e-type=\"widget\" data-widget_type=\"image.default\">\n\t\t\t\t<div class=\"elementor-widget-container\">\n\t\t\t\t\t\t\t\t\t\t\t\t\t\t\t<img decoding=\"async\" width=\"54\" height=\"15\" src=\"https:\/\/www.scsolutions.eu\/wp-content\/uploads\/2024\/07\/3-ruiten.svg\" class=\"attachment-large size-large wp-image-2562\" alt=\"\" \/>\t\t\t\t\t\t\t\t\t\t\t\t\t\t\t<\/div>\n\t\t\t\t<\/div>\n\t\t\t\t<div class=\"elementor-element elementor-element-d27ea64 elementor-widget elementor-widget-heading\" data-id=\"d27ea64\" data-element_type=\"widget\" data-e-type=\"widget\" data-widget_type=\"heading.default\">\n\t\t\t\t<div class=\"elementor-widget-container\">\n\t\t\t\t\t<h2 class=\"elementor-heading-title elementor-size-default\">Gegensprechanlagen f\u00fcr die Zugangskontrolle<\/h2>\t\t\t\t<\/div>\n\t\t\t\t<\/div>\n\t\t\t\t<div class=\"elementor-element elementor-element-702e7c9 elementor-widget elementor-widget-text-editor\" data-id=\"702e7c9\" data-element_type=\"widget\" data-e-type=\"widget\" data-widget_type=\"text-editor.default\">\n\t\t\t\t<div class=\"elementor-widget-container\">\n\t\t\t\t\t\t\t\t\t<p>Wenn Sie eine einfache Sprechverbindung beispielsweise zwischen einer Eingangss\u00e4ule und der Rezeption oder dem Portier w\u00fcnschen, reicht eine Gegensprechanlage aus. Wenn Sie jedoch jederzeit und \u00fcberall einen kundenfreundlichen und gastfreundlichen Zugang erm\u00f6glichen m\u00f6chten, dann ist ein Barrierefreiheitssystem die richtige Anwendung. <\/p>\n<p>Unsere Produkte f\u00fcr die Gegensprechanlage sind aus rostfreiem Stahl gefertigt.<\/p>\n<p>Die Gegensprechanlagen von SC Solutions werden in die S\u00e4ule eingebaut, so dass nur die Frontplatte aus Edelstahl sichtbar ist.<br \/>\nDurch einfaches Dr\u00fccken einer Taste wird eine Sprech- und H\u00f6rverbindung zwischen dem Gast und der Rezeption hergestellt. <\/p>\n<ul>\n<li>Vandalismussicher<\/li>\n<li>VoIP<\/li>\n<li>Front aus rostfreiem Stahl<\/li>\n<li>Verbindung mit Telefonzentrale m\u00f6glich<\/li>\n<\/ul>\n\t\t\t\t\t\t\t\t<\/div>\n\t\t\t\t<\/div>\n\t\t\t\t<\/div>\n\t\t\t\t<\/div>\n\t\t\t\t<div class=\"elementor-element elementor-element-c2eb6b7 elementor-absolute vlak links2 elementor-widget elementor-widget-image\" data-id=\"c2eb6b7\" data-element_type=\"widget\" data-e-type=\"widget\" data-settings=\"{&quot;_position&quot;:&quot;absolute&quot;}\" data-widget_type=\"image.default\">\n\t\t\t\t<div class=\"elementor-widget-container\">\n\t\t\t\t\t\t\t\t\t\t\t\t\t\t\t<img decoding=\"async\" width=\"800\" height=\"514\" src=\"https:\/\/www.scsolutions.eu\/wp-content\/uploads\/2024\/10\/2.-intercom.png\" class=\"attachment-large size-large wp-image-5270\" alt=\"\" srcset=\"https:\/\/www.scsolutions.eu\/wp-content\/uploads\/2024\/10\/2.-intercom.png 997w, https:\/\/www.scsolutions.eu\/wp-content\/uploads\/2024\/10\/2.-intercom-300x193.png 300w, https:\/\/www.scsolutions.eu\/wp-content\/uploads\/2024\/10\/2.-intercom-768x493.png 768w\" sizes=\"(max-width: 800px) 100vw, 800px\" \/>\t\t\t\t\t\t\t\t\t\t\t\t\t\t\t<\/div>\n\t\t\t\t<\/div>\n\t\t\t\t<\/div>\n\t\t\t\t<\/div>\n\t\t\t\t\t<\/div>\n\t\t\t\t<\/div>\n\t\t<div class=\"elementor-element elementor-element-6ca60a3 cta-rechts e-con-full elementor-hidden-widescreen elementor-hidden-desktop elementor-hidden-laptop elementor-hidden-tablet_extra elementor-hidden-tablet elementor-hidden-mobile_extra elementor-hidden-mobile e-flex e-con e-child\" data-id=\"6ca60a3\" data-element_type=\"container\" data-e-type=\"container\">\n\t\t<div class=\"elementor-element elementor-element-82a8b79 e-con-full oranje oranje2 e-flex e-con e-child\" data-id=\"82a8b79\" data-element_type=\"container\" data-e-type=\"container\" data-settings=\"{&quot;background_background&quot;:&quot;classic&quot;}\">\n\t\t<div class=\"elementor-element elementor-element-dea4fe6 e-con-full e-flex e-con e-child\" data-id=\"dea4fe6\" data-element_type=\"container\" data-e-type=\"container\">\n\t\t\t\t<div class=\"elementor-element elementor-element-4981ea2 elementor-widget elementor-widget-text-editor\" data-id=\"4981ea2\" data-element_type=\"widget\" data-e-type=\"widget\" data-widget_type=\"text-editor.default\">\n\t\t\t\t<div class=\"elementor-widget-container\">\n\t\t\t\t\t\t\t\t\t<p>Von unserem Schwesterunternehmen C.A.T. Control Systems liefern und installieren wir Schranken mit Zubeh\u00f6r.<br \/>\nWir beraten Sie gerne \u00fcber die beste L\u00f6sung f\u00fcr Ihre Situation <\/p>\n<p><strong>&#8211; Spezialist f\u00fcr Zugangskontrolle<\/strong><\/p>\n\t\t\t\t\t\t\t\t<\/div>\n\t\t\t\t<\/div>\n\t\t\t\t<\/div>\n\t\t\t\t<div class=\"elementor-element elementor-element-066ca92 elementor-absolute elementor-hidden-mobile e-transform elementor-widget elementor-widget-image\" data-id=\"066ca92\" data-element_type=\"widget\" data-e-type=\"widget\" data-settings=\"{&quot;_position&quot;:&quot;absolute&quot;,&quot;_transform_flipX_effect&quot;:&quot;transform&quot;}\" data-widget_type=\"image.default\">\n\t\t\t\t<div class=\"elementor-widget-container\">\n\t\t\t\t\t\t\t\t\t\t\t\t\t\t\t<img loading=\"lazy\" decoding=\"async\" width=\"776\" height=\"992\" src=\"https:\/\/www.scsolutions.eu\/wp-content\/uploads\/2024\/08\/man-transparant2.png\" class=\"attachment-large size-large wp-image-2712\" alt=\"\" srcset=\"https:\/\/www.scsolutions.eu\/wp-content\/uploads\/2024\/08\/man-transparant2.png 776w, https:\/\/www.scsolutions.eu\/wp-content\/uploads\/2024\/08\/man-transparant2-235x300.png 235w, https:\/\/www.scsolutions.eu\/wp-content\/uploads\/2024\/08\/man-transparant2-768x982.png 768w\" sizes=\"(max-width: 776px) 100vw, 776px\" \/>\t\t\t\t\t\t\t\t\t\t\t\t\t\t\t<\/div>\n\t\t\t\t<\/div>\n\t\t\t\t<\/div>\n\t\t\t\t<\/div>\n\t\t<div class=\"elementor-element elementor-element-9021035 e-flex e-con-boxed elementor-invisible e-con e-parent\" data-id=\"9021035\" data-element_type=\"container\" data-e-type=\"container\" data-settings=\"{&quot;animation&quot;:&quot;fadeInUp&quot;}\">\n\t\t\t\t\t<div class=\"e-con-inner\">\n\t\t<div class=\"elementor-element elementor-element-f83e8b8 e-con-full e-flex e-con e-child\" data-id=\"f83e8b8\" data-element_type=\"container\" data-e-type=\"container\" data-settings=\"{&quot;background_background&quot;:&quot;classic&quot;}\">\n\t\t<div class=\"elementor-element elementor-element-3a6278a e-con-full e-flex e-con e-child\" data-id=\"3a6278a\" data-element_type=\"container\" data-e-type=\"container\">\n\t\t\t\t<div class=\"elementor-element elementor-element-0b230f9 elementor-widget elementor-widget-image\" data-id=\"0b230f9\" data-element_type=\"widget\" data-e-type=\"widget\" data-widget_type=\"image.default\">\n\t\t\t\t<div class=\"elementor-widget-container\">\n\t\t\t\t\t\t\t\t\t\t\t\t\t\t\t<img decoding=\"async\" width=\"54\" height=\"15\" src=\"https:\/\/www.scsolutions.eu\/wp-content\/uploads\/2024\/07\/3-ruiten.svg\" class=\"attachment-large size-large wp-image-2562\" alt=\"\" \/>\t\t\t\t\t\t\t\t\t\t\t\t\t\t\t<\/div>\n\t\t\t\t<\/div>\n\t\t\t\t<div class=\"elementor-element elementor-element-6522b2a elementor-widget elementor-widget-heading\" data-id=\"6522b2a\" data-element_type=\"widget\" data-e-type=\"widget\" data-widget_type=\"heading.default\">\n\t\t\t\t<div class=\"elementor-widget-container\">\n\t\t\t\t\t<h2 class=\"elementor-heading-title elementor-size-default\">\u00dcbersicht der Installationen<\/h2>\t\t\t\t<\/div>\n\t\t\t\t<\/div>\n\t\t\t\t<\/div>\n\t\t<div class=\"elementor-element elementor-element-7700143 e-con-full e-flex e-con e-child\" data-id=\"7700143\" data-element_type=\"container\" data-e-type=\"container\">\n\t\t\t\t<div class=\"elementor-element elementor-element-594b622 gallery-spacing-custom foto-gallerij elementor-widget elementor-widget-image-gallery\" data-id=\"594b622\" data-element_type=\"widget\" data-e-type=\"widget\" data-widget_type=\"image-gallery.default\">\n\t\t\t\t<div class=\"elementor-widget-container\">\n\t\t\t\t\t\t\t<div class=\"elementor-image-gallery\">\n\t\t\t<div id='gallery-1' class='gallery galleryid-3318 gallery-columns-3 gallery-size-full'><figure class='gallery-item'>\n\t\t\t<div class='gallery-icon landscape'>\n\t\t\t\t<a data-elementor-open-lightbox=\"yes\" data-elementor-lightbox-slideshow=\"594b622\" data-e-action-hash=\"#elementor-action%3Aaction%3Dlightbox%26settings%3DeyJpZCI6NTI3OSwidXJsIjoiaHR0cHM6XC9cL3d3dy5zY3NvbHV0aW9ucy5ldVwvd3AtY29udGVudFwvdXBsb2Fkc1wvMjAyNFwvMTBcLzMuMS1pbnN0YWxsYXRpZXMuanBlZyIsInNsaWRlc2hvdyI6IjU5NGI2MjIifQ%3D%3D\" href='https:\/\/www.scsolutions.eu\/wp-content\/uploads\/2024\/10\/3.1-installaties.jpeg'><img loading=\"lazy\" decoding=\"async\" width=\"1600\" height=\"900\" src=\"https:\/\/www.scsolutions.eu\/wp-content\/uploads\/2024\/10\/3.1-installaties.jpeg\" class=\"attachment-full size-full\" alt=\"\" srcset=\"https:\/\/www.scsolutions.eu\/wp-content\/uploads\/2024\/10\/3.1-installaties.jpeg 1600w, https:\/\/www.scsolutions.eu\/wp-content\/uploads\/2024\/10\/3.1-installaties-300x169.jpeg 300w, https:\/\/www.scsolutions.eu\/wp-content\/uploads\/2024\/10\/3.1-installaties-1024x576.jpeg 1024w, https:\/\/www.scsolutions.eu\/wp-content\/uploads\/2024\/10\/3.1-installaties-768x432.jpeg 768w, https:\/\/www.scsolutions.eu\/wp-content\/uploads\/2024\/10\/3.1-installaties-1536x864.jpeg 1536w\" sizes=\"(max-width: 1600px) 100vw, 1600px\" \/><\/a>\n\t\t\t<\/div><\/figure><figure class='gallery-item'>\n\t\t\t<div class='gallery-icon portrait'>\n\t\t\t\t<a data-elementor-open-lightbox=\"yes\" data-elementor-lightbox-slideshow=\"594b622\" data-e-action-hash=\"#elementor-action%3Aaction%3Dlightbox%26settings%3DeyJpZCI6NTI3NiwidXJsIjoiaHR0cHM6XC9cL3d3dy5zY3NvbHV0aW9ucy5ldVwvd3AtY29udGVudFwvdXBsb2Fkc1wvMjAyNFwvMTBcLzMuMi1pbnN0YWxsYXRpZXMtMS0xLmpwZyIsInNsaWRlc2hvdyI6IjU5NGI2MjIifQ%3D%3D\" href='https:\/\/www.scsolutions.eu\/wp-content\/uploads\/2024\/10\/3.2-installaties-1-1.jpg'><img loading=\"lazy\" decoding=\"async\" width=\"774\" height=\"1376\" src=\"https:\/\/www.scsolutions.eu\/wp-content\/uploads\/2024\/10\/3.2-installaties-1-1.jpg\" class=\"attachment-full size-full\" alt=\"\" srcset=\"https:\/\/www.scsolutions.eu\/wp-content\/uploads\/2024\/10\/3.2-installaties-1-1.jpg 774w, https:\/\/www.scsolutions.eu\/wp-content\/uploads\/2024\/10\/3.2-installaties-1-1-169x300.jpg 169w, https:\/\/www.scsolutions.eu\/wp-content\/uploads\/2024\/10\/3.2-installaties-1-1-576x1024.jpg 576w, https:\/\/www.scsolutions.eu\/wp-content\/uploads\/2024\/10\/3.2-installaties-1-1-768x1365.jpg 768w\" sizes=\"(max-width: 774px) 100vw, 774px\" \/><\/a>\n\t\t\t<\/div><\/figure><figure class='gallery-item'>\n\t\t\t<div class='gallery-icon landscape'>\n\t\t\t\t<a data-elementor-open-lightbox=\"yes\" data-elementor-lightbox-slideshow=\"594b622\" data-e-action-hash=\"#elementor-action%3Aaction%3Dlightbox%26settings%3DeyJpZCI6NTI3MywidXJsIjoiaHR0cHM6XC9cL3d3dy5zY3NvbHV0aW9ucy5ldVwvd3AtY29udGVudFwvdXBsb2Fkc1wvMjAyNFwvMTBcLzMuMy1pbnN0YWxsYXRpZXMucG5nIiwic2xpZGVzaG93IjoiNTk0YjYyMiJ9\" href='https:\/\/www.scsolutions.eu\/wp-content\/uploads\/2024\/10\/3.3-installaties.png'><img loading=\"lazy\" decoding=\"async\" width=\"1366\" height=\"911\" src=\"https:\/\/www.scsolutions.eu\/wp-content\/uploads\/2024\/10\/3.3-installaties.png\" class=\"attachment-full size-full\" alt=\"\" srcset=\"https:\/\/www.scsolutions.eu\/wp-content\/uploads\/2024\/10\/3.3-installaties.png 1366w, https:\/\/www.scsolutions.eu\/wp-content\/uploads\/2024\/10\/3.3-installaties-300x200.png 300w, https:\/\/www.scsolutions.eu\/wp-content\/uploads\/2024\/10\/3.3-installaties-1024x683.png 1024w, https:\/\/www.scsolutions.eu\/wp-content\/uploads\/2024\/10\/3.3-installaties-768x512.png 768w\" sizes=\"(max-width: 1366px) 100vw, 1366px\" \/><\/a>\n\t\t\t<\/div><\/figure>\n\t\t<\/div>\n\t\t<\/div>\n\t\t\t\t\t\t<\/div>\n\t\t\t\t<\/div>\n\t\t\t\t<\/div>\n\t\t\t\t<\/div>\n\t\t\t\t\t<\/div>\n\t\t\t\t<\/div>\n\t\t\t\t<\/div>\n\t\t","protected":false},"excerpt":{"rendered":"<p>Gegensprechanlage M\u00f6chten Sie bei Fragen erreichbar bleiben? F\u00fcr welche Art der Zugangskontrolle Sie sich auch entscheiden: ein Mieter wird von Zeit zu Zeit Hilfe ben\u00f6tigen. Sprachverbindungen machen den Zugang zu Ihren R\u00e4umlichkeiten pers\u00f6nlicher. Finden Sie hier mehr heraus Gegensprechanlage mit Tastenfeld Unsere Gegensprechanlagen werden oft in Kombination mit einer Tastatur installiert. Die Gegensprechanlage stellt eine [&hellip;]<\/p>\n","protected":false},"author":2,"featured_media":0,"parent":0,"menu_order":0,"comment_status":"closed","ping_status":"closed","template":"","meta":{"_glsr_average":0,"_glsr_ranking":0,"_glsr_reviews":0,"footnotes":""},"class_list":["post-3318","page","type-page","status-publish","hentry"],"_links":{"self":[{"href":"https:\/\/www.scsolutions.eu\/de\/wp-json\/wp\/v2\/pages\/3318","targetHints":{"allow":["GET"]}}],"collection":[{"href":"https:\/\/www.scsolutions.eu\/de\/wp-json\/wp\/v2\/pages"}],"about":[{"href":"https:\/\/www.scsolutions.eu\/de\/wp-json\/wp\/v2\/types\/page"}],"author":[{"embeddable":true,"href":"https:\/\/www.scsolutions.eu\/de\/wp-json\/wp\/v2\/users\/2"}],"replies":[{"embeddable":true,"href":"https:\/\/www.scsolutions.eu\/de\/wp-json\/wp\/v2\/comments?post=3318"}],"version-history":[{"count":0,"href":"https:\/\/www.scsolutions.eu\/de\/wp-json\/wp\/v2\/pages\/3318\/revisions"}],"wp:attachment":[{"href":"https:\/\/www.scsolutions.eu\/de\/wp-json\/wp\/v2\/media?parent=3318"}],"curies":[{"name":"wp","href":"https:\/\/api.w.org\/{rel}","templated":true}]}}