{"id":3300,"date":"2024-09-05T11:55:20","date_gmt":"2024-09-05T11:55:20","guid":{"rendered":"https:\/\/www.scsolutions.eu\/tuerschloesser\/"},"modified":"2024-10-01T15:15:21","modified_gmt":"2024-10-01T15:15:21","slug":"tuerschloesser","status":"publish","type":"page","link":"https:\/\/www.scsolutions.eu\/de\/tuerschloesser\/","title":{"rendered":"T\u00fcrschl\u00f6sser"},"content":{"rendered":"\t\t<div data-elementor-type=\"wp-page\" data-elementor-id=\"3300\" class=\"elementor elementor-3300 elementor-2198\" data-elementor-post-type=\"page\">\n\t\t\t\t<div class=\"elementor-element elementor-element-b3cf2c7 e-con-full e-flex e-con e-parent\" data-id=\"b3cf2c7\" data-element_type=\"container\" data-e-type=\"container\" id=\"hero\">\n\t\t<div class=\"elementor-element elementor-element-45d3acf hero-wrapper e-flex e-con-boxed e-con e-child\" data-id=\"45d3acf\" data-element_type=\"container\" data-e-type=\"container\" data-settings=\"{&quot;background_background&quot;:&quot;classic&quot;}\">\n\t\t\t\t\t<div class=\"e-con-inner\">\n\t\t<div class=\"elementor-element elementor-element-44bea36 e-flex e-con-boxed e-con e-child\" data-id=\"44bea36\" data-element_type=\"container\" data-e-type=\"container\" data-settings=\"{&quot;background_background&quot;:&quot;classic&quot;}\">\n\t\t\t\t\t<div class=\"e-con-inner\">\n\t\t<div class=\"elementor-element elementor-element-b3a91b6 e-con-full e-flex e-con e-child\" data-id=\"b3a91b6\" data-element_type=\"container\" data-e-type=\"container\">\n\t\t\t\t<div class=\"elementor-element elementor-element-3809059 elementor-widget elementor-widget-heading\" data-id=\"3809059\" data-element_type=\"widget\" data-e-type=\"widget\" data-widget_type=\"heading.default\">\n\t\t\t\t<div class=\"elementor-widget-container\">\n\t\t\t\t\t<h1 class=\"elementor-heading-title elementor-size-default\">T\u00fcrschl\u00f6sser<\/h1>\t\t\t\t<\/div>\n\t\t\t\t<\/div>\n\t\t\t\t<div class=\"elementor-element elementor-element-c336a09 elementor-widget elementor-widget-heading\" data-id=\"c336a09\" data-element_type=\"widget\" data-e-type=\"widget\" data-widget_type=\"heading.default\">\n\t\t\t\t<div class=\"elementor-widget-container\">\n\t\t\t\t\t<p class=\"elementor-heading-title elementor-size-default\">Wie m\u00f6chten Sie Ihre Einheiten schlie\u00dfen?<\/p>\t\t\t\t<\/div>\n\t\t\t\t<\/div>\n\t\t\t\t<div class=\"elementor-element elementor-element-62a3193 elementor-widget elementor-widget-text-editor\" data-id=\"62a3193\" data-element_type=\"widget\" data-e-type=\"widget\" data-widget_type=\"text-editor.default\">\n\t\t\t\t<div class=\"elementor-widget-container\">\n\t\t\t\t\t\t\t\t\t<p>In Absprache mit unseren Self-Storage-Kunden haben wir ein eigenes elektronisches T\u00fcrschlosssystem entwickelt, das per App ge\u00f6ffnet werden kann.<\/p>\n\t\t\t\t\t\t\t\t<\/div>\n\t\t\t\t<\/div>\n\t\t\t\t<div class=\"elementor-element elementor-element-905cec6 knop elementor-widget elementor-widget-button\" data-id=\"905cec6\" data-element_type=\"widget\" data-e-type=\"widget\" data-widget_type=\"button.default\">\n\t\t\t\t<div class=\"elementor-widget-container\">\n\t\t\t\t\t\t\t\t\t<div class=\"elementor-button-wrapper\">\n\t\t\t\t\t<a class=\"elementor-button elementor-button-link elementor-size-sm\" href=\"#deursloten-content\">\n\t\t\t\t\t\t<span class=\"elementor-button-content-wrapper\">\n\t\t\t\t\t\t<span class=\"elementor-button-icon\">\n\t\t\t\t<svg xmlns=\"http:\/\/www.w3.org\/2000\/svg\" width=\"24\" height=\"24\" viewBox=\"0 0 24 24\" fill=\"none\"><mask id=\"mask0_243_4804\" style=\"mask-type:alpha\" maskUnits=\"userSpaceOnUse\" x=\"0\" y=\"0\" width=\"24\" height=\"24\"><rect width=\"24\" height=\"24\" fill=\"#D9D9D9\"><\/rect><\/mask><g mask=\"url(#mask0_243_4804)\"><path d=\"M9.57511 12L5.70011 8.10005C5.51678 7.91672 5.42094 7.68755 5.41261 7.41255C5.40428 7.13755 5.50011 6.90005 5.70011 6.70005C5.88344 6.51672 6.11678 6.42505 6.40011 6.42505C6.68344 6.42505 6.91678 6.51672 7.10011 6.70005L11.7001 11.3C11.8001 11.4 11.8709 11.5084 11.9126 11.625C11.9543 11.7417 11.9751 11.8667 11.9751 12C11.9751 12.1334 11.9543 12.2584 11.9126 12.375C11.8709 12.4917 11.8001 12.6 11.7001 12.7L7.10011 17.3C6.91678 17.4834 6.68761 17.5792 6.41261 17.5875C6.13761 17.5959 5.90011 17.5 5.70011 17.3C5.51678 17.1167 5.42511 16.8834 5.42511 16.6C5.42511 16.3167 5.51678 16.0834 5.70011 15.9L9.57511 12ZM16.1751 12L12.3001 8.10005C12.1168 7.91672 12.0209 7.68755 12.0126 7.41255C12.0043 7.13755 12.1001 6.90005 12.3001 6.70005C12.4834 6.51672 12.7168 6.42505 13.0001 6.42505C13.2834 6.42505 13.5168 6.51672 13.7001 6.70005L18.3001 11.3C18.4001 11.4 18.4709 11.5084 18.5126 11.625C18.5543 11.7417 18.5751 11.8667 18.5751 12C18.5751 12.1334 18.5543 12.2584 18.5126 12.375C18.4709 12.4917 18.4001 12.6 18.3001 12.7L13.7001 17.3C13.5168 17.4834 13.2876 17.5792 13.0126 17.5875C12.7376 17.5959 12.5001 17.5 12.3001 17.3C12.1168 17.1167 12.0251 16.8834 12.0251 16.6C12.0251 16.3167 12.1168 16.0834 12.3001 15.9L16.1751 12Z\" fill=\"white\"><\/path><\/g><\/svg>\t\t\t<\/span>\n\t\t\t\t\t\t\t\t\t<span class=\"elementor-button-text\">Finden Sie hier mehr heraus<\/span>\n\t\t\t\t\t<\/span>\n\t\t\t\t\t<\/a>\n\t\t\t\t<\/div>\n\t\t\t\t\t\t\t\t<\/div>\n\t\t\t\t<\/div>\n\t\t\t\t<\/div>\n\t\t\t\t\t<\/div>\n\t\t\t\t<\/div>\n\t\t\t\t\t<\/div>\n\t\t\t\t<\/div>\n\t\t<div class=\"elementor-element elementor-element-1e4417d elementor-hidden-mobile e-flex e-con-boxed e-con e-child\" data-id=\"1e4417d\" data-element_type=\"container\" data-e-type=\"container\" data-settings=\"{&quot;background_background&quot;:&quot;classic&quot;}\">\n\t\t\t\t\t<div class=\"e-con-inner\">\n\t\t\t\t\t<\/div>\n\t\t\t\t<\/div>\n\t\t\t\t<div class=\"elementor-element elementor-element-eebd0cc elementor-absolute hero-image links elementor-widget elementor-widget-image\" data-id=\"eebd0cc\" data-element_type=\"widget\" data-e-type=\"widget\" data-settings=\"{&quot;_position&quot;:&quot;absolute&quot;}\" data-widget_type=\"image.default\">\n\t\t\t\t<div class=\"elementor-widget-container\">\n\t\t\t\t\t\t\t\t\t\t\t\t\t\t\t<img fetchpriority=\"high\" decoding=\"async\" width=\"800\" height=\"514\" src=\"https:\/\/www.scsolutions.eu\/wp-content\/uploads\/2024\/10\/1.-hoofdfoto-2-1024x658.jpg\" class=\"attachment-large size-large wp-image-5214\" alt=\"\" srcset=\"https:\/\/www.scsolutions.eu\/wp-content\/uploads\/2024\/10\/1.-hoofdfoto-2-1024x658.jpg 1024w, https:\/\/www.scsolutions.eu\/wp-content\/uploads\/2024\/10\/1.-hoofdfoto-2-300x193.jpg 300w, https:\/\/www.scsolutions.eu\/wp-content\/uploads\/2024\/10\/1.-hoofdfoto-2-768x493.jpg 768w, https:\/\/www.scsolutions.eu\/wp-content\/uploads\/2024\/10\/1.-hoofdfoto-2.jpg 1431w\" sizes=\"(max-width: 800px) 100vw, 800px\" \/>\t\t\t\t\t\t\t\t\t\t\t\t\t\t\t<\/div>\n\t\t\t\t<\/div>\n\t\t\t\t<\/div>\n\t\t<div class=\"elementor-element elementor-element-496c027 e-flex e-con-boxed e-con e-parent\" data-id=\"496c027\" data-element_type=\"container\" data-e-type=\"container\">\n\t\t\t\t\t<div class=\"e-con-inner\">\n\t\t<div class=\"elementor-element elementor-element-fead0db e-con-full e-flex e-con e-child\" data-id=\"fead0db\" data-element_type=\"container\" data-e-type=\"container\" data-settings=\"{&quot;background_background&quot;:&quot;classic&quot;}\">\n\t\t<div class=\"elementor-element elementor-element-2339512 e-con-full e-flex e-con e-child\" data-id=\"2339512\" data-element_type=\"container\" data-e-type=\"container\">\n\t\t\t\t<div class=\"elementor-element elementor-element-dadb2e0 elementor-widget elementor-widget-image\" data-id=\"dadb2e0\" data-element_type=\"widget\" data-e-type=\"widget\" data-widget_type=\"image.default\">\n\t\t\t\t<div class=\"elementor-widget-container\">\n\t\t\t\t\t\t\t\t\t\t\t\t\t\t\t<img decoding=\"async\" width=\"54\" height=\"15\" src=\"https:\/\/www.scsolutions.eu\/wp-content\/uploads\/2024\/07\/3-ruiten.svg\" class=\"attachment-large size-large wp-image-2562\" alt=\"\" \/>\t\t\t\t\t\t\t\t\t\t\t\t\t\t\t<\/div>\n\t\t\t\t<\/div>\n\t\t\t\t<div class=\"elementor-element elementor-element-4220077 elementor-widget elementor-widget-heading\" data-id=\"4220077\" data-element_type=\"widget\" data-e-type=\"widget\" data-widget_type=\"heading.default\">\n\t\t\t\t<div class=\"elementor-widget-container\">\n\t\t\t\t\t<h2 class=\"elementor-heading-title elementor-size-default\">Wie funktionieren die T\u00fcrschl\u00f6sser?<\/h2>\t\t\t\t<\/div>\n\t\t\t\t<\/div>\n\t\t\t\t<div class=\"elementor-element elementor-element-82cf383 elementor-widget elementor-widget-text-editor\" data-id=\"82cf383\" data-element_type=\"widget\" data-e-type=\"widget\" data-widget_type=\"text-editor.default\">\n\t\t\t\t<div class=\"elementor-widget-container\">\n\t\t\t\t\t\t\t\t\t<p>Die T\u00fcrschl\u00f6sser von SC Solutions bestehen aus einem B\u00fcgel mit elektronischem Schloss. Diese sind sauber in den T\u00fcrpfosten versteckt, sodass bei Pendelt\u00fcren kein Bohren erforderlich ist und beim Austausch von Schl\u00f6ssern keine st\u00f6renden Sch\u00e4den entstehen. Dank unseres Boxcontrollers ist es m\u00f6glich, die Schl\u00f6sser per App zu entsperren und sogar tats\u00e4chlich zu \u00f6ffnen. Griffe an T\u00fcren sind dadurch nicht mehr notwendig.   <\/p>\n\t\t\t\t\t\t\t\t<\/div>\n\t\t\t\t<\/div>\n\t\t\t\t<\/div>\n\t\t\t\t<\/div>\n\t\t<div class=\"elementor-element elementor-element-8c45e49 e-con-full bg e-flex e-con e-child\" data-id=\"8c45e49\" data-element_type=\"container\" data-e-type=\"container\" data-settings=\"{&quot;background_background&quot;:&quot;classic&quot;}\">\n\t\t<div class=\"elementor-element elementor-element-9c63f32 e-con-full ruit-lijst e-flex e-con e-child\" data-id=\"9c63f32\" data-element_type=\"container\" data-e-type=\"container\">\n\t\t<div class=\"elementor-element elementor-element-45ab90a e-con-full e-flex e-con e-child\" data-id=\"45ab90a\" data-element_type=\"container\" data-e-type=\"container\">\n\t\t<div class=\"elementor-element elementor-element-fca5444 e-con-full e-flex e-con e-child\" data-id=\"fca5444\" data-element_type=\"container\" data-e-type=\"container\">\n\t\t\t\t<div class=\"elementor-element elementor-element-ed9132a elementor-widget elementor-widget-image\" data-id=\"ed9132a\" data-element_type=\"widget\" data-e-type=\"widget\" data-widget_type=\"image.default\">\n\t\t\t\t<div class=\"elementor-widget-container\">\n\t\t\t\t\t\t\t\t\t\t\t\t\t\t\t<img decoding=\"async\" width=\"54\" height=\"15\" src=\"https:\/\/www.scsolutions.eu\/wp-content\/uploads\/2024\/07\/3-ruiten.svg\" class=\"attachment-large size-large wp-image-2562\" alt=\"\" \/>\t\t\t\t\t\t\t\t\t\t\t\t\t\t\t<\/div>\n\t\t\t\t<\/div>\n\t\t\t\t<div class=\"elementor-element elementor-element-addfb97 elementor-widget elementor-widget-heading\" data-id=\"addfb97\" data-element_type=\"widget\" data-e-type=\"widget\" data-widget_type=\"heading.default\">\n\t\t\t\t<div class=\"elementor-widget-container\">\n\t\t\t\t\t<h2 class=\"elementor-heading-title elementor-size-default\">Rolltore und Pendelt\u00fcren  <\/h2>\t\t\t\t<\/div>\n\t\t\t\t<\/div>\n\t\t\t\t<div class=\"elementor-element elementor-element-4514960 elementor-widget elementor-widget-text-editor\" data-id=\"4514960\" data-element_type=\"widget\" data-e-type=\"widget\" data-widget_type=\"text-editor.default\">\n\t\t\t\t<div class=\"elementor-widget-container\">\n\t\t\t\t\t\t\t\t\tSowohl f\u00fcr Rolltore als auch f\u00fcr Drehfl\u00fcgelt\u00fcren haben wir L\u00f6sungen, um diese elektronisch per App zu \u00f6ffnen. In beiden F\u00e4llen ist das Schloss vollst\u00e4ndig im T\u00fcrpfosten versteckt und es gibt ein kabelgebundenes System, bei dem kein Batteriewechsel erforderlich ist. Dies bietet mehr Sicherheit und weniger Aufwand f\u00fcr den Self Storage Manager. F\u00fcr zus\u00e4tzliche Sicherheit f\u00fcr Ihre Mieter k\u00f6nnen Sie unseren Boxwatcher auch zur Bewegungserkennung und Erkennung von Hitze und Feuchtigkeit nutzen. Perfekt f\u00fcr einen neuen Baustandort, aber auch als Nachr\u00fcstl\u00f6sung f\u00fcr einen bestehenden Self-Storage-Standort geeignet, um ihn auf die moderne Zeit zu bringen. Dadurch werden Schl\u00fcssel \u00fcberfl\u00fcssig.     \t\t\t\t\t\t\t\t<\/div>\n\t\t\t\t<\/div>\n\t\t\t\t<\/div>\n\t\t\t\t<\/div>\n\t\t\t\t<div class=\"elementor-element elementor-element-8c4432c elementor-absolute vlak links2 elementor-widget elementor-widget-image\" data-id=\"8c4432c\" data-element_type=\"widget\" data-e-type=\"widget\" data-settings=\"{&quot;_position&quot;:&quot;absolute&quot;}\" data-widget_type=\"image.default\">\n\t\t\t\t<div class=\"elementor-widget-container\">\n\t\t\t\t\t\t\t\t\t\t\t\t\t\t\t<img decoding=\"async\" width=\"800\" height=\"532\" src=\"https:\/\/www.scsolutions.eu\/wp-content\/uploads\/2024\/10\/2.-software-1-1024x681.png\" class=\"attachment-large size-large wp-image-5217\" alt=\"\" srcset=\"https:\/\/www.scsolutions.eu\/wp-content\/uploads\/2024\/10\/2.-software-1-1024x681.png 1024w, https:\/\/www.scsolutions.eu\/wp-content\/uploads\/2024\/10\/2.-software-1-300x200.png 300w, https:\/\/www.scsolutions.eu\/wp-content\/uploads\/2024\/10\/2.-software-1-768x511.png 768w, https:\/\/www.scsolutions.eu\/wp-content\/uploads\/2024\/10\/2.-software-1.png 1129w\" sizes=\"(max-width: 800px) 100vw, 800px\" \/>\t\t\t\t\t\t\t\t\t\t\t\t\t\t\t<\/div>\n\t\t\t\t<\/div>\n\t\t\t\t<\/div>\n\t\t\t\t<\/div>\n\t\t\t\t\t<\/div>\n\t\t\t\t<\/div>\n\t\t<div class=\"elementor-element elementor-element-35b800c cta-rechts e-flex e-con-boxed elementor-invisible e-con e-parent\" data-id=\"35b800c\" data-element_type=\"container\" data-e-type=\"container\" data-settings=\"{&quot;animation&quot;:&quot;fadeInUp&quot;}\">\n\t\t\t\t\t<div class=\"e-con-inner\">\n\t\t<div class=\"elementor-element elementor-element-2922a30 e-con-full oranje oranje2 e-flex e-con e-child\" data-id=\"2922a30\" data-element_type=\"container\" data-e-type=\"container\" data-settings=\"{&quot;background_background&quot;:&quot;classic&quot;}\">\n\t\t<div class=\"elementor-element elementor-element-2bf2b06 e-con-full e-flex e-con e-child\" data-id=\"2bf2b06\" data-element_type=\"container\" data-e-type=\"container\">\n\t\t\t\t<div class=\"elementor-element elementor-element-27408c4 elementor-widget elementor-widget-text-editor\" data-id=\"27408c4\" data-element_type=\"widget\" data-e-type=\"widget\" data-widget_type=\"text-editor.default\">\n\t\t\t\t<div class=\"elementor-widget-container\">\n\t\t\t\t\t\t\t\t\t<p>Wir haben elektronische T\u00fcrschl\u00f6sser f\u00fcr Rolltore und Pendelt\u00fcren. Sicher und gesch\u00fctzt, mit wenig bis gar keiner Wartung. (Foto der Person hinzuf\u00fcgen)  <\/p>\n<p><strong>&#8211; Spezialist f\u00fcr Zugangskontrolle<\/strong><\/p>\n\t\t\t\t\t\t\t\t<\/div>\n\t\t\t\t<\/div>\n\t\t\t\t<\/div>\n\t\t\t\t<div class=\"elementor-element elementor-element-8641351 elementor-absolute elementor-hidden-mobile e-transform elementor-widget elementor-widget-image\" data-id=\"8641351\" data-element_type=\"widget\" data-e-type=\"widget\" data-settings=\"{&quot;_position&quot;:&quot;absolute&quot;,&quot;_transform_flipX_effect&quot;:&quot;transform&quot;}\" data-widget_type=\"image.default\">\n\t\t\t\t<div class=\"elementor-widget-container\">\n\t\t\t\t\t\t\t\t\t\t\t\t\t\t\t<img loading=\"lazy\" decoding=\"async\" width=\"776\" height=\"992\" src=\"https:\/\/www.scsolutions.eu\/wp-content\/uploads\/2024\/08\/man-transparant2.png\" class=\"attachment-large size-large wp-image-2712\" alt=\"\" srcset=\"https:\/\/www.scsolutions.eu\/wp-content\/uploads\/2024\/08\/man-transparant2.png 776w, https:\/\/www.scsolutions.eu\/wp-content\/uploads\/2024\/08\/man-transparant2-235x300.png 235w, https:\/\/www.scsolutions.eu\/wp-content\/uploads\/2024\/08\/man-transparant2-768x982.png 768w\" sizes=\"(max-width: 776px) 100vw, 776px\" \/>\t\t\t\t\t\t\t\t\t\t\t\t\t\t\t<\/div>\n\t\t\t\t<\/div>\n\t\t\t\t<\/div>\n\t\t\t\t\t<\/div>\n\t\t\t\t<\/div>\n\t\t<div class=\"elementor-element elementor-element-9021035 e-flex e-con-boxed elementor-invisible e-con e-parent\" data-id=\"9021035\" data-element_type=\"container\" data-e-type=\"container\" data-settings=\"{&quot;animation&quot;:&quot;fadeInUp&quot;}\">\n\t\t\t\t\t<div class=\"e-con-inner\">\n\t\t<div class=\"elementor-element elementor-element-f83e8b8 e-con-full e-flex e-con e-child\" data-id=\"f83e8b8\" data-element_type=\"container\" data-e-type=\"container\" data-settings=\"{&quot;background_background&quot;:&quot;classic&quot;}\">\n\t\t<div class=\"elementor-element elementor-element-3a6278a e-con-full e-flex e-con e-child\" data-id=\"3a6278a\" data-element_type=\"container\" data-e-type=\"container\">\n\t\t\t\t<div class=\"elementor-element elementor-element-0b230f9 elementor-widget elementor-widget-image\" data-id=\"0b230f9\" data-element_type=\"widget\" data-e-type=\"widget\" data-widget_type=\"image.default\">\n\t\t\t\t<div class=\"elementor-widget-container\">\n\t\t\t\t\t\t\t\t\t\t\t\t\t\t\t<img decoding=\"async\" width=\"54\" height=\"15\" src=\"https:\/\/www.scsolutions.eu\/wp-content\/uploads\/2024\/07\/3-ruiten.svg\" class=\"attachment-large size-large wp-image-2562\" alt=\"\" \/>\t\t\t\t\t\t\t\t\t\t\t\t\t\t\t<\/div>\n\t\t\t\t<\/div>\n\t\t\t\t<div class=\"elementor-element elementor-element-6522b2a elementor-widget elementor-widget-heading\" data-id=\"6522b2a\" data-element_type=\"widget\" data-e-type=\"widget\" data-widget_type=\"heading.default\">\n\t\t\t\t<div class=\"elementor-widget-container\">\n\t\t\t\t\t<h2 class=\"elementor-heading-title elementor-size-default\">\u00dcbersicht der Installationen<\/h2>\t\t\t\t<\/div>\n\t\t\t\t<\/div>\n\t\t\t\t<\/div>\n\t\t<div class=\"elementor-element elementor-element-7700143 e-con-full e-flex e-con e-child\" data-id=\"7700143\" data-element_type=\"container\" data-e-type=\"container\">\n\t\t\t\t<div class=\"elementor-element elementor-element-594b622 gallery-spacing-custom foto-gallerij elementor-widget elementor-widget-image-gallery\" data-id=\"594b622\" data-element_type=\"widget\" data-e-type=\"widget\" data-widget_type=\"image-gallery.default\">\n\t\t\t\t<div class=\"elementor-widget-container\">\n\t\t\t\t\t\t\t<div class=\"elementor-image-gallery\">\n\t\t\t<div id='gallery-1' class='gallery galleryid-3300 gallery-columns-3 gallery-size-full'><figure class='gallery-item'>\n\t\t\t<div class='gallery-icon landscape'>\n\t\t\t\t<a data-elementor-open-lightbox=\"yes\" data-elementor-lightbox-slideshow=\"594b622\" data-e-action-hash=\"#elementor-action%3Aaction%3Dlightbox%26settings%3DeyJpZCI6NTIyNCwidXJsIjoiaHR0cHM6XC9cL3d3dy5zY3NvbHV0aW9ucy5ldVwvd3AtY29udGVudFwvdXBsb2Fkc1wvMjAyNFwvMTBcLzMuMS1pbnN0YWxsYXRpZS0yLTEuanBnIiwic2xpZGVzaG93IjoiNTk0YjYyMiJ9\" href='https:\/\/www.scsolutions.eu\/wp-content\/uploads\/2024\/10\/3.1-installatie-2-1.jpg'><img loading=\"lazy\" decoding=\"async\" width=\"2560\" height=\"1920\" src=\"https:\/\/www.scsolutions.eu\/wp-content\/uploads\/2024\/10\/3.1-installatie-2-1.jpg\" class=\"attachment-full size-full\" alt=\"\" srcset=\"https:\/\/www.scsolutions.eu\/wp-content\/uploads\/2024\/10\/3.1-installatie-2-1.jpg 2560w, https:\/\/www.scsolutions.eu\/wp-content\/uploads\/2024\/10\/3.1-installatie-2-1-300x225.jpg 300w, https:\/\/www.scsolutions.eu\/wp-content\/uploads\/2024\/10\/3.1-installatie-2-1-1024x768.jpg 1024w, https:\/\/www.scsolutions.eu\/wp-content\/uploads\/2024\/10\/3.1-installatie-2-1-768x576.jpg 768w, https:\/\/www.scsolutions.eu\/wp-content\/uploads\/2024\/10\/3.1-installatie-2-1-1536x1152.jpg 1536w, https:\/\/www.scsolutions.eu\/wp-content\/uploads\/2024\/10\/3.1-installatie-2-1-2048x1536.jpg 2048w\" sizes=\"(max-width: 2560px) 100vw, 2560px\" \/><\/a>\n\t\t\t<\/div><\/figure><figure class='gallery-item'>\n\t\t\t<div class='gallery-icon landscape'>\n\t\t\t\t<a data-elementor-open-lightbox=\"yes\" data-elementor-lightbox-slideshow=\"594b622\" data-e-action-hash=\"#elementor-action%3Aaction%3Dlightbox%26settings%3DeyJpZCI6NTE2NiwidXJsIjoiaHR0cHM6XC9cL3d3dy5zY3NvbHV0aW9ucy5ldVwvd3AtY29udGVudFwvdXBsb2Fkc1wvMjAyNFwvMTBcLzMuMy1pbnN0YWxsYXRpZS0xLTEuanBnIiwic2xpZGVzaG93IjoiNTk0YjYyMiJ9\" href='https:\/\/www.scsolutions.eu\/wp-content\/uploads\/2024\/10\/3.3-installatie-1-1.jpg'><img loading=\"lazy\" decoding=\"async\" width=\"1080\" height=\"1080\" src=\"https:\/\/www.scsolutions.eu\/wp-content\/uploads\/2024\/10\/3.3-installatie-1-1.jpg\" class=\"attachment-full size-full\" alt=\"\" srcset=\"https:\/\/www.scsolutions.eu\/wp-content\/uploads\/2024\/10\/3.3-installatie-1-1.jpg 1080w, https:\/\/www.scsolutions.eu\/wp-content\/uploads\/2024\/10\/3.3-installatie-1-1-300x300.jpg 300w, https:\/\/www.scsolutions.eu\/wp-content\/uploads\/2024\/10\/3.3-installatie-1-1-1024x1024.jpg 1024w, https:\/\/www.scsolutions.eu\/wp-content\/uploads\/2024\/10\/3.3-installatie-1-1-150x150.jpg 150w, https:\/\/www.scsolutions.eu\/wp-content\/uploads\/2024\/10\/3.3-installatie-1-1-768x768.jpg 768w\" sizes=\"(max-width: 1080px) 100vw, 1080px\" \/><\/a>\n\t\t\t<\/div><\/figure><figure class='gallery-item'>\n\t\t\t<div class='gallery-icon landscape'>\n\t\t\t\t<a data-elementor-open-lightbox=\"yes\" data-elementor-lightbox-slideshow=\"594b622\" data-e-action-hash=\"#elementor-action%3Aaction%3Dlightbox%26settings%3DeyJpZCI6NTIyNywidXJsIjoiaHR0cHM6XC9cL3d3dy5zY3NvbHV0aW9ucy5ldVwvd3AtY29udGVudFwvdXBsb2Fkc1wvMjAyNFwvMTBcLzMuMy1pbnN0YWxsYXRpZS0yLTEtMS1zY2FsZWQuanBnIiwic2xpZGVzaG93IjoiNTk0YjYyMiJ9\" href='https:\/\/www.scsolutions.eu\/wp-content\/uploads\/2024\/10\/3.3-installatie-2-1-1-scaled.jpg'><img loading=\"lazy\" decoding=\"async\" width=\"2560\" height=\"1707\" src=\"https:\/\/www.scsolutions.eu\/wp-content\/uploads\/2024\/10\/3.3-installatie-2-1-1-scaled.jpg\" class=\"attachment-full size-full\" alt=\"\" srcset=\"https:\/\/www.scsolutions.eu\/wp-content\/uploads\/2024\/10\/3.3-installatie-2-1-1-scaled.jpg 2560w, https:\/\/www.scsolutions.eu\/wp-content\/uploads\/2024\/10\/3.3-installatie-2-1-1-300x200.jpg 300w, https:\/\/www.scsolutions.eu\/wp-content\/uploads\/2024\/10\/3.3-installatie-2-1-1-1024x683.jpg 1024w, https:\/\/www.scsolutions.eu\/wp-content\/uploads\/2024\/10\/3.3-installatie-2-1-1-768x512.jpg 768w, https:\/\/www.scsolutions.eu\/wp-content\/uploads\/2024\/10\/3.3-installatie-2-1-1-1536x1024.jpg 1536w, https:\/\/www.scsolutions.eu\/wp-content\/uploads\/2024\/10\/3.3-installatie-2-1-1-2048x1365.jpg 2048w\" sizes=\"(max-width: 2560px) 100vw, 2560px\" \/><\/a>\n\t\t\t<\/div><\/figure>\n\t\t<\/div>\n\t\t<\/div>\n\t\t\t\t\t\t<\/div>\n\t\t\t\t<\/div>\n\t\t\t\t<\/div>\n\t\t\t\t<\/div>\n\t\t\t\t\t<\/div>\n\t\t\t\t<\/div>\n\t\t\t\t<\/div>\n\t\t","protected":false},"excerpt":{"rendered":"<p>T\u00fcrschl\u00f6sser Wie m\u00f6chten Sie Ihre Einheiten schlie\u00dfen? In Absprache mit unseren Self-Storage-Kunden haben wir ein eigenes elektronisches T\u00fcrschlosssystem entwickelt, das per App ge\u00f6ffnet werden kann. Finden Sie hier mehr heraus Wie funktionieren die T\u00fcrschl\u00f6sser? Die T\u00fcrschl\u00f6sser von SC Solutions bestehen aus einem B\u00fcgel mit elektronischem Schloss. Diese sind sauber in den T\u00fcrpfosten versteckt, sodass bei [&hellip;]<\/p>\n","protected":false},"author":1,"featured_media":0,"parent":0,"menu_order":0,"comment_status":"closed","ping_status":"closed","template":"","meta":{"_glsr_average":0,"_glsr_ranking":0,"_glsr_reviews":0,"footnotes":""},"class_list":["post-3300","page","type-page","status-publish","hentry"],"_links":{"self":[{"href":"https:\/\/www.scsolutions.eu\/de\/wp-json\/wp\/v2\/pages\/3300","targetHints":{"allow":["GET"]}}],"collection":[{"href":"https:\/\/www.scsolutions.eu\/de\/wp-json\/wp\/v2\/pages"}],"about":[{"href":"https:\/\/www.scsolutions.eu\/de\/wp-json\/wp\/v2\/types\/page"}],"author":[{"embeddable":true,"href":"https:\/\/www.scsolutions.eu\/de\/wp-json\/wp\/v2\/users\/1"}],"replies":[{"embeddable":true,"href":"https:\/\/www.scsolutions.eu\/de\/wp-json\/wp\/v2\/comments?post=3300"}],"version-history":[{"count":0,"href":"https:\/\/www.scsolutions.eu\/de\/wp-json\/wp\/v2\/pages\/3300\/revisions"}],"wp:attachment":[{"href":"https:\/\/www.scsolutions.eu\/de\/wp-json\/wp\/v2\/media?parent=3300"}],"curies":[{"name":"wp","href":"https:\/\/api.w.org\/{rel}","templated":true}]}}