{"id":3252,"date":"2024-09-07T15:03:24","date_gmt":"2024-09-07T15:03:24","guid":{"rendered":"https:\/\/www.scsolutions.eu\/tuerkontakte\/"},"modified":"2024-10-01T17:07:52","modified_gmt":"2024-10-01T17:07:52","slug":"tuerkontakte","status":"publish","type":"page","link":"https:\/\/www.scsolutions.eu\/de\/tuerkontakte\/","title":{"rendered":"T\u00fcrkontakte"},"content":{"rendered":"\t\t<div data-elementor-type=\"wp-page\" data-elementor-id=\"3252\" class=\"elementor elementor-3252 elementor-2277\" data-elementor-post-type=\"page\">\n\t\t\t\t<div class=\"elementor-element elementor-element-b3cf2c7 e-con-full e-flex e-con e-parent\" data-id=\"b3cf2c7\" data-element_type=\"container\" data-e-type=\"container\" id=\"hero\">\n\t\t<div class=\"elementor-element elementor-element-45d3acf hero-wrapper e-flex e-con-boxed e-con e-child\" data-id=\"45d3acf\" data-element_type=\"container\" data-e-type=\"container\" data-settings=\"{&quot;background_background&quot;:&quot;classic&quot;}\">\n\t\t\t\t\t<div class=\"e-con-inner\">\n\t\t<div class=\"elementor-element elementor-element-44bea36 e-flex e-con-boxed e-con e-child\" data-id=\"44bea36\" data-element_type=\"container\" data-e-type=\"container\" data-settings=\"{&quot;background_background&quot;:&quot;classic&quot;}\">\n\t\t\t\t\t<div class=\"e-con-inner\">\n\t\t<div class=\"elementor-element elementor-element-b3a91b6 e-con-full e-flex e-con e-child\" data-id=\"b3a91b6\" data-element_type=\"container\" data-e-type=\"container\">\n\t\t\t\t<div class=\"elementor-element elementor-element-3809059 elementor-widget elementor-widget-heading\" data-id=\"3809059\" data-element_type=\"widget\" data-e-type=\"widget\" data-widget_type=\"heading.default\">\n\t\t\t\t<div class=\"elementor-widget-container\">\n\t\t\t\t\t<h1 class=\"elementor-heading-title elementor-size-default\">T\u00fcrkontakte<\/h1>\t\t\t\t<\/div>\n\t\t\t\t<\/div>\n\t\t\t\t<div class=\"elementor-element elementor-element-c336a09 elementor-widget elementor-widget-heading\" data-id=\"c336a09\" data-element_type=\"widget\" data-e-type=\"widget\" data-widget_type=\"heading.default\">\n\t\t\t\t<div class=\"elementor-widget-container\">\n\t\t\t\t\t<p class=\"elementor-heading-title elementor-size-default\">Sicherheitssysteme f\u00fcr Self Storage: Magnetische T\u00fcrkontakte  <\/p>\t\t\t\t<\/div>\n\t\t\t\t<\/div>\n\t\t\t\t<div class=\"elementor-element elementor-element-62a3193 elementor-widget elementor-widget-text-editor\" data-id=\"62a3193\" data-element_type=\"widget\" data-e-type=\"widget\" data-widget_type=\"text-editor.default\">\n\t\t\t\t<div class=\"elementor-widget-container\">\n\t\t\t\t\t\t\t\t\t<p>Viele Selfstorage-Anlagen bieten kleine Einheiten von weniger als 1m3 an.<br \/>\nF\u00fcr diese kleineren Lagereinheiten, die von den Mietern nicht k\u00f6rperlich betreten werden, hat SC Solutions magnetische T\u00fcrkontakte entwickelt. <\/p>\n\t\t\t\t\t\t\t\t<\/div>\n\t\t\t\t<\/div>\n\t\t\t\t<div class=\"elementor-element elementor-element-905cec6 knop elementor-widget elementor-widget-button\" data-id=\"905cec6\" data-element_type=\"widget\" data-e-type=\"widget\" data-widget_type=\"button.default\">\n\t\t\t\t<div class=\"elementor-widget-container\">\n\t\t\t\t\t\t\t\t\t<div class=\"elementor-button-wrapper\">\n\t\t\t\t\t<a class=\"elementor-button elementor-button-link elementor-size-sm\" href=\"#deurcontacten-conten\">\n\t\t\t\t\t\t<span class=\"elementor-button-content-wrapper\">\n\t\t\t\t\t\t<span class=\"elementor-button-icon\">\n\t\t\t\t<svg xmlns=\"http:\/\/www.w3.org\/2000\/svg\" width=\"24\" height=\"24\" viewBox=\"0 0 24 24\" fill=\"none\"><mask id=\"mask0_243_4804\" style=\"mask-type:alpha\" maskUnits=\"userSpaceOnUse\" x=\"0\" y=\"0\" width=\"24\" height=\"24\"><rect width=\"24\" height=\"24\" fill=\"#D9D9D9\"><\/rect><\/mask><g mask=\"url(#mask0_243_4804)\"><path d=\"M9.57511 12L5.70011 8.10005C5.51678 7.91672 5.42094 7.68755 5.41261 7.41255C5.40428 7.13755 5.50011 6.90005 5.70011 6.70005C5.88344 6.51672 6.11678 6.42505 6.40011 6.42505C6.68344 6.42505 6.91678 6.51672 7.10011 6.70005L11.7001 11.3C11.8001 11.4 11.8709 11.5084 11.9126 11.625C11.9543 11.7417 11.9751 11.8667 11.9751 12C11.9751 12.1334 11.9543 12.2584 11.9126 12.375C11.8709 12.4917 11.8001 12.6 11.7001 12.7L7.10011 17.3C6.91678 17.4834 6.68761 17.5792 6.41261 17.5875C6.13761 17.5959 5.90011 17.5 5.70011 17.3C5.51678 17.1167 5.42511 16.8834 5.42511 16.6C5.42511 16.3167 5.51678 16.0834 5.70011 15.9L9.57511 12ZM16.1751 12L12.3001 8.10005C12.1168 7.91672 12.0209 7.68755 12.0126 7.41255C12.0043 7.13755 12.1001 6.90005 12.3001 6.70005C12.4834 6.51672 12.7168 6.42505 13.0001 6.42505C13.2834 6.42505 13.5168 6.51672 13.7001 6.70005L18.3001 11.3C18.4001 11.4 18.4709 11.5084 18.5126 11.625C18.5543 11.7417 18.5751 11.8667 18.5751 12C18.5751 12.1334 18.5543 12.2584 18.5126 12.375C18.4709 12.4917 18.4001 12.6 18.3001 12.7L13.7001 17.3C13.5168 17.4834 13.2876 17.5792 13.0126 17.5875C12.7376 17.5959 12.5001 17.5 12.3001 17.3C12.1168 17.1167 12.0251 16.8834 12.0251 16.6C12.0251 16.3167 12.1168 16.0834 12.3001 15.9L16.1751 12Z\" fill=\"white\"><\/path><\/g><\/svg>\t\t\t<\/span>\n\t\t\t\t\t\t\t\t\t<span class=\"elementor-button-text\">Finden Sie hier mehr heraus<\/span>\n\t\t\t\t\t<\/span>\n\t\t\t\t\t<\/a>\n\t\t\t\t<\/div>\n\t\t\t\t\t\t\t\t<\/div>\n\t\t\t\t<\/div>\n\t\t\t\t<\/div>\n\t\t\t\t\t<\/div>\n\t\t\t\t<\/div>\n\t\t\t\t\t<\/div>\n\t\t\t\t<\/div>\n\t\t<div class=\"elementor-element elementor-element-1e4417d elementor-hidden-mobile e-flex e-con-boxed e-con e-child\" data-id=\"1e4417d\" data-element_type=\"container\" data-e-type=\"container\" data-settings=\"{&quot;background_background&quot;:&quot;classic&quot;}\">\n\t\t\t\t\t<div class=\"e-con-inner\">\n\t\t\t\t\t<\/div>\n\t\t\t\t<\/div>\n\t\t\t\t<div class=\"elementor-element elementor-element-eebd0cc elementor-absolute hero-image links elementor-widget elementor-widget-image\" data-id=\"eebd0cc\" data-element_type=\"widget\" data-e-type=\"widget\" data-settings=\"{&quot;_position&quot;:&quot;absolute&quot;}\" data-widget_type=\"image.default\">\n\t\t\t\t<div class=\"elementor-widget-container\">\n\t\t\t\t\t\t\t\t\t\t\t\t\t\t\t<img fetchpriority=\"high\" decoding=\"async\" width=\"800\" height=\"450\" src=\"https:\/\/www.scsolutions.eu\/wp-content\/uploads\/2024\/10\/3.2-installatie-1024x576.jpeg\" class=\"attachment-large size-large wp-image-5415\" alt=\"\" srcset=\"https:\/\/www.scsolutions.eu\/wp-content\/uploads\/2024\/10\/3.2-installatie-1024x576.jpeg 1024w, https:\/\/www.scsolutions.eu\/wp-content\/uploads\/2024\/10\/3.2-installatie-300x169.jpeg 300w, https:\/\/www.scsolutions.eu\/wp-content\/uploads\/2024\/10\/3.2-installatie-768x432.jpeg 768w, https:\/\/www.scsolutions.eu\/wp-content\/uploads\/2024\/10\/3.2-installatie-1536x864.jpeg 1536w, https:\/\/www.scsolutions.eu\/wp-content\/uploads\/2024\/10\/3.2-installatie.jpeg 1600w\" sizes=\"(max-width: 800px) 100vw, 800px\" \/>\t\t\t\t\t\t\t\t\t\t\t\t\t\t\t<\/div>\n\t\t\t\t<\/div>\n\t\t\t\t<\/div>\n\t\t<div class=\"elementor-element elementor-element-9d38170 e-flex e-con-boxed elementor-invisible e-con e-parent\" data-id=\"9d38170\" data-element_type=\"container\" data-e-type=\"container\" id=\"deurcontacten-conten\" data-settings=\"{&quot;animation&quot;:&quot;fadeInUp&quot;}\">\n\t\t\t\t\t<div class=\"e-con-inner\">\n\t\t<div class=\"elementor-element elementor-element-fc3ad7b e-con-full e-flex e-con e-child\" data-id=\"fc3ad7b\" data-element_type=\"container\" data-e-type=\"container\" data-settings=\"{&quot;background_background&quot;:&quot;classic&quot;}\">\n\t\t<div class=\"elementor-element elementor-element-60cc5a0 e-con-full e-flex e-con e-child\" data-id=\"60cc5a0\" data-element_type=\"container\" data-e-type=\"container\">\n\t\t\t\t<div class=\"elementor-element elementor-element-a7a72c7 elementor-widget elementor-widget-image\" data-id=\"a7a72c7\" data-element_type=\"widget\" data-e-type=\"widget\" data-widget_type=\"image.default\">\n\t\t\t\t<div class=\"elementor-widget-container\">\n\t\t\t\t\t\t\t\t\t\t\t\t\t\t\t<img decoding=\"async\" width=\"54\" height=\"15\" src=\"https:\/\/www.scsolutions.eu\/wp-content\/uploads\/2024\/07\/3-ruiten.svg\" class=\"attachment-large size-large wp-image-2562\" alt=\"\" \/>\t\t\t\t\t\t\t\t\t\t\t\t\t\t\t<\/div>\n\t\t\t\t<\/div>\n\t\t\t\t<div class=\"elementor-element elementor-element-0b158f9 elementor-widget elementor-widget-heading\" data-id=\"0b158f9\" data-element_type=\"widget\" data-e-type=\"widget\" data-widget_type=\"heading.default\">\n\t\t\t\t<div class=\"elementor-widget-container\">\n\t\t\t\t\t<h2 class=\"elementor-heading-title elementor-size-default\">Das Produkt erkl\u00e4rt<\/h2>\t\t\t\t<\/div>\n\t\t\t\t<\/div>\n\t\t\t\t<div class=\"elementor-element elementor-element-dbc79ce elementor-widget elementor-widget-text-editor\" data-id=\"dbc79ce\" data-element_type=\"widget\" data-e-type=\"widget\" data-widget_type=\"text-editor.default\">\n\t\t\t\t<div class=\"elementor-widget-container\">\n\t\t\t\t\t\t\t\t\t<p>Magnetische T\u00fcrkontakte sind einfach zu installieren und erg\u00e4nzen jedes SC Access System von SC Solutions.<br \/>\nSie k\u00f6nnen auch gut in Kombination mit Boxwatchern eingesetzt werden.<br \/>\nAlle magnetischen T\u00fcrkontakte werden in unserem Mux-Schrank zusammengef\u00fchrt.<br \/>\nDer Mux-Schrank befindet sich an einem zentralen Ort im Self Storage.<br \/>\nEin Mux kann bis zu 64 magnetische T\u00fcrkontakte aufnehmen und die Anzahl der Muxes kann unbegrenzt erh\u00f6ht werden.    <\/p>\n\t\t\t\t\t\t\t\t<\/div>\n\t\t\t\t<\/div>\n\t\t\t\t<\/div>\n\t\t\t\t<\/div>\n\t\t<div class=\"elementor-element elementor-element-84352a6 e-con-full bg e-flex e-con e-child\" data-id=\"84352a6\" data-element_type=\"container\" data-e-type=\"container\" data-settings=\"{&quot;background_background&quot;:&quot;classic&quot;}\">\n\t\t<div class=\"elementor-element elementor-element-63ee156 e-con-full ruit-lijst e-flex e-con e-child\" data-id=\"63ee156\" data-element_type=\"container\" data-e-type=\"container\">\n\t\t<div class=\"elementor-element elementor-element-bbffc0b e-con-full e-flex e-con e-child\" data-id=\"bbffc0b\" data-element_type=\"container\" data-e-type=\"container\">\n\t\t<div class=\"elementor-element elementor-element-1bf6478 e-con-full e-flex e-con e-child\" data-id=\"1bf6478\" data-element_type=\"container\" data-e-type=\"container\">\n\t\t\t\t<div class=\"elementor-element elementor-element-ea44629 elementor-widget elementor-widget-image\" data-id=\"ea44629\" data-element_type=\"widget\" data-e-type=\"widget\" data-widget_type=\"image.default\">\n\t\t\t\t<div class=\"elementor-widget-container\">\n\t\t\t\t\t\t\t\t\t\t\t\t\t\t\t<img decoding=\"async\" width=\"54\" height=\"15\" src=\"https:\/\/www.scsolutions.eu\/wp-content\/uploads\/2024\/07\/3-ruiten.svg\" class=\"attachment-large size-large wp-image-2562\" alt=\"\" \/>\t\t\t\t\t\t\t\t\t\t\t\t\t\t\t<\/div>\n\t\t\t\t<\/div>\n\t\t\t\t<div class=\"elementor-element elementor-element-d27ea64 elementor-widget elementor-widget-heading\" data-id=\"d27ea64\" data-element_type=\"widget\" data-e-type=\"widget\" data-widget_type=\"heading.default\">\n\t\t\t\t<div class=\"elementor-widget-container\">\n\t\t\t\t\t<h2 class=\"elementor-heading-title elementor-size-default\">Wie T\u00fcrkontakte funktionieren<\/h2>\t\t\t\t<\/div>\n\t\t\t\t<\/div>\n\t\t\t\t<div class=\"elementor-element elementor-element-702e7c9 elementor-widget elementor-widget-text-editor\" data-id=\"702e7c9\" data-element_type=\"widget\" data-e-type=\"widget\" data-widget_type=\"text-editor.default\">\n\t\t\t\t<div class=\"elementor-widget-container\">\n\t\t\t\t\t\t\t\t\t<p>Magnetische T\u00fcrkontakte sind sehr einfache Ger\u00e4te.<br \/>\nEin Magnet wird am T\u00fcrrahmen und ein zweiter Magnet an der T\u00fcr angebracht.  Wenn die T\u00fcr geschlossen ist, liegen die Magnete dicht beieinander und &#8222;sehen&#8220; sich gegenseitig.<br \/>\nWenn sich die Magnete gegenseitig sehen, wei\u00df das System, dass die T\u00fcr geschlossen ist.<br \/>\nWenn die T\u00fcr ge\u00f6ffnet wird und die Magnete einander nicht mehr sehen, wei\u00df das System, dass die T\u00fcr offen ist.  <\/p>\n<p>Wenn ein Mieter seinen Alarm durch die Eingabe einer PIN, die \u00dcbergabe eines Proximity Tags oder die Verwendung eines Smartphones deaktiviert hat, schalten die Systeme den Alarm an der Lagereinheit automatisch aus.<br \/>\nWenn der Mieter die Wohnung verl\u00e4sst, wird der Alarm wieder aktiviert.<br \/>\nDies kann manuell, zeitgesteuert oder automatisch geschehen.  <\/p>\n\t\t\t\t\t\t\t\t<\/div>\n\t\t\t\t<\/div>\n\t\t\t\t<\/div>\n\t\t\t\t<\/div>\n\t\t\t\t<div class=\"elementor-element elementor-element-c2eb6b7 elementor-absolute vlak links2 elementor-widget elementor-widget-image\" data-id=\"c2eb6b7\" data-element_type=\"widget\" data-e-type=\"widget\" data-settings=\"{&quot;_position&quot;:&quot;absolute&quot;}\" data-widget_type=\"image.default\">\n\t\t\t\t<div class=\"elementor-widget-container\">\n\t\t\t\t\t\t\t\t\t\t\t\t\t\t\t<img decoding=\"async\" width=\"800\" height=\"450\" src=\"https:\/\/www.scsolutions.eu\/wp-content\/uploads\/2024\/09\/Toegang-slagbomen-foto-1-1024x576.jpg\" class=\"attachment-large size-large wp-image-5019\" alt=\"\" srcset=\"https:\/\/www.scsolutions.eu\/wp-content\/uploads\/2024\/09\/Toegang-slagbomen-foto-1-1024x576.jpg 1024w, https:\/\/www.scsolutions.eu\/wp-content\/uploads\/2024\/09\/Toegang-slagbomen-foto-1-300x169.jpg 300w, https:\/\/www.scsolutions.eu\/wp-content\/uploads\/2024\/09\/Toegang-slagbomen-foto-1-768x432.jpg 768w, https:\/\/www.scsolutions.eu\/wp-content\/uploads\/2024\/09\/Toegang-slagbomen-foto-1-1536x864.jpg 1536w, https:\/\/www.scsolutions.eu\/wp-content\/uploads\/2024\/09\/Toegang-slagbomen-foto-1.jpg 1920w\" sizes=\"(max-width: 800px) 100vw, 800px\" \/>\t\t\t\t\t\t\t\t\t\t\t\t\t\t\t<\/div>\n\t\t\t\t<\/div>\n\t\t\t\t<\/div>\n\t\t\t\t<\/div>\n\t\t\t\t\t<\/div>\n\t\t\t\t<\/div>\n\t\t<div class=\"elementor-element elementor-element-6ca60a3 cta-rechts e-con-full e-flex elementor-invisible e-con e-child\" data-id=\"6ca60a3\" data-element_type=\"container\" data-e-type=\"container\" data-settings=\"{&quot;animation&quot;:&quot;fadeInUp&quot;}\">\n\t\t<div class=\"elementor-element elementor-element-82a8b79 e-con-full oranje oranje2 e-flex e-con e-child\" data-id=\"82a8b79\" data-element_type=\"container\" data-e-type=\"container\" data-settings=\"{&quot;background_background&quot;:&quot;classic&quot;}\">\n\t\t<div class=\"elementor-element elementor-element-dea4fe6 e-con-full e-flex e-con e-child\" data-id=\"dea4fe6\" data-element_type=\"container\" data-e-type=\"container\">\n\t\t\t\t<div class=\"elementor-element elementor-element-4981ea2 elementor-widget elementor-widget-text-editor\" data-id=\"4981ea2\" data-element_type=\"widget\" data-e-type=\"widget\" data-widget_type=\"text-editor.default\">\n\t\t\t\t<div class=\"elementor-widget-container\">\n\t\t\t\t\t\t\t\t\t<p>Neben magnetischen T\u00fcrkontakten bieten wir auch T\u00fcrschl\u00f6sser an, mit denen Sie die Ger\u00e4te einfach abschlie\u00dfen k\u00f6nnen.<br \/>\nDiese Schl\u00f6sser funktionieren mit einem Vorh\u00e4ngeschloss, einem Schl\u00fcssel oder \u00fcber eine App. <\/p>\n<p><strong>&#8211; Spezialist f\u00fcr Zugangskontrolle<\/strong><\/p>\n\t\t\t\t\t\t\t\t<\/div>\n\t\t\t\t<\/div>\n\t\t\t\t<\/div>\n\t\t\t\t<div class=\"elementor-element elementor-element-066ca92 elementor-absolute elementor-hidden-mobile e-transform elementor-widget elementor-widget-image\" data-id=\"066ca92\" data-element_type=\"widget\" data-e-type=\"widget\" data-settings=\"{&quot;_position&quot;:&quot;absolute&quot;,&quot;_transform_flipX_effect&quot;:&quot;transform&quot;}\" data-widget_type=\"image.default\">\n\t\t\t\t<div class=\"elementor-widget-container\">\n\t\t\t\t\t\t\t\t\t\t\t\t\t\t\t<img loading=\"lazy\" decoding=\"async\" width=\"776\" height=\"992\" src=\"https:\/\/www.scsolutions.eu\/wp-content\/uploads\/2024\/08\/man-transparant2.png\" class=\"attachment-large size-large wp-image-2712\" alt=\"\" srcset=\"https:\/\/www.scsolutions.eu\/wp-content\/uploads\/2024\/08\/man-transparant2.png 776w, https:\/\/www.scsolutions.eu\/wp-content\/uploads\/2024\/08\/man-transparant2-235x300.png 235w, https:\/\/www.scsolutions.eu\/wp-content\/uploads\/2024\/08\/man-transparant2-768x982.png 768w\" sizes=\"(max-width: 776px) 100vw, 776px\" \/>\t\t\t\t\t\t\t\t\t\t\t\t\t\t\t<\/div>\n\t\t\t\t<\/div>\n\t\t\t\t<\/div>\n\t\t\t\t<\/div>\n\t\t<div class=\"elementor-element elementor-element-9021035 e-flex e-con-boxed elementor-invisible e-con e-parent\" data-id=\"9021035\" data-element_type=\"container\" data-e-type=\"container\" data-settings=\"{&quot;animation&quot;:&quot;fadeInUp&quot;}\">\n\t\t\t\t\t<div class=\"e-con-inner\">\n\t\t<div class=\"elementor-element elementor-element-f83e8b8 e-con-full e-flex e-con e-child\" data-id=\"f83e8b8\" data-element_type=\"container\" data-e-type=\"container\" data-settings=\"{&quot;background_background&quot;:&quot;classic&quot;}\">\n\t\t<div class=\"elementor-element elementor-element-3a6278a e-con-full e-flex e-con e-child\" data-id=\"3a6278a\" data-element_type=\"container\" data-e-type=\"container\">\n\t\t\t\t<div class=\"elementor-element elementor-element-0b230f9 elementor-widget elementor-widget-image\" data-id=\"0b230f9\" data-element_type=\"widget\" data-e-type=\"widget\" data-widget_type=\"image.default\">\n\t\t\t\t<div class=\"elementor-widget-container\">\n\t\t\t\t\t\t\t\t\t\t\t\t\t\t\t<img decoding=\"async\" width=\"54\" height=\"15\" src=\"https:\/\/www.scsolutions.eu\/wp-content\/uploads\/2024\/07\/3-ruiten.svg\" class=\"attachment-large size-large wp-image-2562\" alt=\"\" \/>\t\t\t\t\t\t\t\t\t\t\t\t\t\t\t<\/div>\n\t\t\t\t<\/div>\n\t\t\t\t<div class=\"elementor-element elementor-element-6522b2a elementor-widget elementor-widget-heading\" data-id=\"6522b2a\" data-element_type=\"widget\" data-e-type=\"widget\" data-widget_type=\"heading.default\">\n\t\t\t\t<div class=\"elementor-widget-container\">\n\t\t\t\t\t<h2 class=\"elementor-heading-title elementor-size-default\">\u00dcbersicht der Installationen<\/h2>\t\t\t\t<\/div>\n\t\t\t\t<\/div>\n\t\t\t\t<\/div>\n\t\t<div class=\"elementor-element elementor-element-7700143 e-con-full e-flex e-con e-child\" data-id=\"7700143\" data-element_type=\"container\" data-e-type=\"container\">\n\t\t\t\t<div class=\"elementor-element elementor-element-594b622 gallery-spacing-custom foto-gallerij elementor-widget elementor-widget-image-gallery\" data-id=\"594b622\" data-element_type=\"widget\" data-e-type=\"widget\" data-widget_type=\"image-gallery.default\">\n\t\t\t\t<div class=\"elementor-widget-container\">\n\t\t\t\t\t\t\t<div class=\"elementor-image-gallery\">\n\t\t\t<div id='gallery-1' class='gallery galleryid-3252 gallery-columns-3 gallery-size-full'><figure class='gallery-item'>\n\t\t\t<div class='gallery-icon landscape'>\n\t\t\t\t<a data-elementor-open-lightbox=\"yes\" data-elementor-lightbox-slideshow=\"594b622\" data-e-action-hash=\"#elementor-action%3Aaction%3Dlightbox%26settings%3DeyJpZCI6NTQ1MywidXJsIjoiaHR0cHM6XC9cL3d3dy5zY3NvbHV0aW9ucy5ldVwvd3AtY29udGVudFwvdXBsb2Fkc1wvMjAyNFwvMTBcLzMuMi1pbnN0YWxsYXRpZS0xLmpwZWciLCJzbGlkZXNob3ciOiI1OTRiNjIyIn0%3D\" href='https:\/\/www.scsolutions.eu\/wp-content\/uploads\/2024\/10\/3.2-installatie-1.jpeg'><img loading=\"lazy\" decoding=\"async\" width=\"1600\" height=\"900\" src=\"https:\/\/www.scsolutions.eu\/wp-content\/uploads\/2024\/10\/3.2-installatie-1.jpeg\" class=\"attachment-full size-full\" alt=\"\" srcset=\"https:\/\/www.scsolutions.eu\/wp-content\/uploads\/2024\/10\/3.2-installatie-1.jpeg 1600w, https:\/\/www.scsolutions.eu\/wp-content\/uploads\/2024\/10\/3.2-installatie-1-300x169.jpeg 300w, https:\/\/www.scsolutions.eu\/wp-content\/uploads\/2024\/10\/3.2-installatie-1-1024x576.jpeg 1024w, https:\/\/www.scsolutions.eu\/wp-content\/uploads\/2024\/10\/3.2-installatie-1-768x432.jpeg 768w, https:\/\/www.scsolutions.eu\/wp-content\/uploads\/2024\/10\/3.2-installatie-1-1536x864.jpeg 1536w\" sizes=\"(max-width: 1600px) 100vw, 1600px\" \/><\/a>\n\t\t\t<\/div><\/figure><figure class='gallery-item'>\n\t\t\t<div class='gallery-icon '>\n\t\t\t\t<a data-elementor-open-lightbox=\"yes\" data-elementor-lightbox-slideshow=\"594b622\" data-e-action-hash=\"#elementor-action%3Aaction%3Dlightbox%26settings%3DeyJpZCI6NTA4NywidXJsIjoiaHR0cHM6XC9cL3d3dy5zY3NvbHV0aW9ucy5ldVwvd3AtY29udGVudFwvdXBsb2Fkc1wvMjAyNFwvMDlcL1NDLUFjY2Vzcy1JbnN0YWxsYXRpZTItc2NhbGVkLmpwZyIsInNsaWRlc2hvdyI6IjU5NGI2MjIifQ%3D%3D\" href='https:\/\/www.scsolutions.eu\/wp-content\/uploads\/2024\/09\/SC-Access-Installatie2-scaled.jpg'><img decoding=\"async\" src=\"https:\/\/www.scsolutions.eu\/wp-content\/uploads\/2024\/09\/SC-Access-Installatie2-scaled.jpg\" class=\"attachment-full size-full\" alt=\"\" \/><\/a>\n\t\t\t<\/div><\/figure><figure class='gallery-item'>\n\t\t\t<div class='gallery-icon landscape'>\n\t\t\t\t<a data-elementor-open-lightbox=\"yes\" data-elementor-lightbox-slideshow=\"594b622\" data-e-action-hash=\"#elementor-action%3Aaction%3Dlightbox%26settings%3DeyJpZCI6NDU3MywidXJsIjoiaHR0cHM6XC9cL3d3dy5zY3NvbHV0aW9ucy5ldVwvd3AtY29udGVudFwvdXBsb2Fkc1wvMjAyNFwvMDlcL0ZvdG8tenVpbC1tZXQtU0Mta2V5cGFkLTEtc2NhbGVkLmpwZyIsInNsaWRlc2hvdyI6IjU5NGI2MjIifQ%3D%3D\" href='https:\/\/www.scsolutions.eu\/wp-content\/uploads\/2024\/09\/Foto-zuil-met-SC-keypad-1-scaled.jpg'><img loading=\"lazy\" decoding=\"async\" width=\"2560\" height=\"1714\" src=\"https:\/\/www.scsolutions.eu\/wp-content\/uploads\/2024\/09\/Foto-zuil-met-SC-keypad-1-scaled.jpg\" class=\"attachment-full size-full\" alt=\"\" aria-describedby=\"gallery-1-4573\" srcset=\"https:\/\/www.scsolutions.eu\/wp-content\/uploads\/2024\/09\/Foto-zuil-met-SC-keypad-1-scaled.jpg 2560w, https:\/\/www.scsolutions.eu\/wp-content\/uploads\/2024\/09\/Foto-zuil-met-SC-keypad-1-300x201.jpg 300w, https:\/\/www.scsolutions.eu\/wp-content\/uploads\/2024\/09\/Foto-zuil-met-SC-keypad-1-1024x685.jpg 1024w, https:\/\/www.scsolutions.eu\/wp-content\/uploads\/2024\/09\/Foto-zuil-met-SC-keypad-1-768x514.jpg 768w, https:\/\/www.scsolutions.eu\/wp-content\/uploads\/2024\/09\/Foto-zuil-met-SC-keypad-1-1536x1028.jpg 1536w, https:\/\/www.scsolutions.eu\/wp-content\/uploads\/2024\/09\/Foto-zuil-met-SC-keypad-1-2048x1371.jpg 2048w\" sizes=\"(max-width: 2560px) 100vw, 2560px\" \/><\/a>\n\t\t\t<\/div>\n\t\t\t\t<figcaption class='wp-caption-text gallery-caption' id='gallery-1-4573'>\n\t\t\t\tSONY DSC\n\t\t\t\t<\/figcaption><\/figure>\n\t\t<\/div>\n\t\t<\/div>\n\t\t\t\t\t\t<\/div>\n\t\t\t\t<\/div>\n\t\t\t\t<\/div>\n\t\t\t\t<\/div>\n\t\t\t\t\t<\/div>\n\t\t\t\t<\/div>\n\t\t\t\t<\/div>\n\t\t","protected":false},"excerpt":{"rendered":"<p>T\u00fcrkontakte Sicherheitssysteme f\u00fcr Self Storage: Magnetische T\u00fcrkontakte Viele Selfstorage-Anlagen bieten kleine Einheiten von weniger als 1m3 an. F\u00fcr diese kleineren Lagereinheiten, die von den Mietern nicht k\u00f6rperlich betreten werden, hat SC Solutions magnetische T\u00fcrkontakte entwickelt. Finden Sie hier mehr heraus Das Produkt erkl\u00e4rt Magnetische T\u00fcrkontakte sind einfach zu installieren und erg\u00e4nzen jedes SC Access System [&hellip;]<\/p>\n","protected":false},"author":1,"featured_media":0,"parent":0,"menu_order":0,"comment_status":"closed","ping_status":"closed","template":"","meta":{"_glsr_average":0,"_glsr_ranking":0,"_glsr_reviews":0,"footnotes":""},"class_list":["post-3252","page","type-page","status-publish","hentry"],"_links":{"self":[{"href":"https:\/\/www.scsolutions.eu\/de\/wp-json\/wp\/v2\/pages\/3252","targetHints":{"allow":["GET"]}}],"collection":[{"href":"https:\/\/www.scsolutions.eu\/de\/wp-json\/wp\/v2\/pages"}],"about":[{"href":"https:\/\/www.scsolutions.eu\/de\/wp-json\/wp\/v2\/types\/page"}],"author":[{"embeddable":true,"href":"https:\/\/www.scsolutions.eu\/de\/wp-json\/wp\/v2\/users\/1"}],"replies":[{"embeddable":true,"href":"https:\/\/www.scsolutions.eu\/de\/wp-json\/wp\/v2\/comments?post=3252"}],"version-history":[{"count":0,"href":"https:\/\/www.scsolutions.eu\/de\/wp-json\/wp\/v2\/pages\/3252\/revisions"}],"wp:attachment":[{"href":"https:\/\/www.scsolutions.eu\/de\/wp-json\/wp\/v2\/media?parent=3252"}],"curies":[{"name":"wp","href":"https:\/\/api.w.org\/{rel}","templated":true}]}}