{"id":3133,"date":"2024-08-25T06:34:43","date_gmt":"2024-08-25T06:34:43","guid":{"rendered":"https:\/\/www.scsolutions.eu\/vorlage-1\/"},"modified":"2025-04-10T19:18:51","modified_gmt":"2025-04-10T19:18:51","slug":"vorlage-1","status":"publish","type":"page","link":"https:\/\/www.scsolutions.eu\/de\/vorlage-1\/","title":{"rendered":"Vorlage 1"},"content":{"rendered":"\t\t<div data-elementor-type=\"wp-page\" data-elementor-id=\"3133\" class=\"elementor elementor-3133 elementor-1904\" data-elementor-post-type=\"page\">\n\t\t\t\t<div class=\"elementor-element elementor-element-a83089d e-con-full e-flex e-con e-parent\" data-id=\"a83089d\" data-element_type=\"container\" data-e-type=\"container\" id=\"hero\">\n\t\t<div class=\"elementor-element elementor-element-ea859d0 hero-wrapper e-flex e-con-boxed e-con e-child\" data-id=\"ea859d0\" data-element_type=\"container\" data-e-type=\"container\" data-settings=\"{&quot;background_background&quot;:&quot;classic&quot;}\">\n\t\t\t\t\t<div class=\"e-con-inner\">\n\t\t<div class=\"elementor-element elementor-element-383be6f e-flex e-con-boxed e-con e-child\" data-id=\"383be6f\" data-element_type=\"container\" data-e-type=\"container\" data-settings=\"{&quot;background_background&quot;:&quot;classic&quot;}\">\n\t\t\t\t\t<div class=\"e-con-inner\">\n\t\t<div class=\"elementor-element elementor-element-841804a e-con-full e-flex e-con e-child\" data-id=\"841804a\" data-element_type=\"container\" data-e-type=\"container\">\n\t\t\t\t<div class=\"elementor-element elementor-element-7235639 elementor-widget elementor-widget-heading\" data-id=\"7235639\" data-element_type=\"widget\" data-e-type=\"widget\" data-widget_type=\"heading.default\">\n\t\t\t\t<div class=\"elementor-widget-container\">\n\t\t\t\t\t<h1 class=\"elementor-heading-title elementor-size-default\">Das Team<\/h1>\t\t\t\t<\/div>\n\t\t\t\t<\/div>\n\t\t\t\t<div class=\"elementor-element elementor-element-4112b76 elementor-widget elementor-widget-heading\" data-id=\"4112b76\" data-element_type=\"widget\" data-e-type=\"widget\" data-widget_type=\"heading.default\">\n\t\t\t\t<div class=\"elementor-widget-container\">\n\t\t\t\t\t<p class=\"elementor-heading-title elementor-size-default\">Wir freuen uns, Ihnen zu Diensten zu sein.<\/p>\t\t\t\t<\/div>\n\t\t\t\t<\/div>\n\t\t\t\t<div class=\"elementor-element elementor-element-93fb334 elementor-widget elementor-widget-text-editor\" data-id=\"93fb334\" data-element_type=\"widget\" data-e-type=\"widget\" data-widget_type=\"text-editor.default\">\n\t\t\t\t<div class=\"elementor-widget-container\">\n\t\t\t\t\t\t\t\t\tWir verf\u00fcgen nicht nur \u00fcber eine gute kaufm\u00e4nnische Abteilung, in der die Beratung eine herausragende Rolle spielt. Dar\u00fcber hinaus verf\u00fcgen wir \u00fcber eine Arbeitsvorbereitungsabteilung, in der wir Ihren Anlagenplan in eine zuverl\u00e4ssige Zugangsl\u00f6sung umsetzen, sodass Sie sicher sein k\u00f6nnen, ein einwandfrei funktionierendes, ma\u00dfgeschneidertes System zu erhalten. \t\t\t\t\t\t\t\t<\/div>\n\t\t\t\t<\/div>\n\t\t\t\t<div class=\"elementor-element elementor-element-1264418 knop elementor-widget elementor-widget-button\" data-id=\"1264418\" data-element_type=\"widget\" data-e-type=\"widget\" data-widget_type=\"button.default\">\n\t\t\t\t<div class=\"elementor-widget-container\">\n\t\t\t\t\t\t\t\t\t<div class=\"elementor-button-wrapper\">\n\t\t\t\t\t<a class=\"elementor-button elementor-button-link elementor-size-sm\" href=\"#team\">\n\t\t\t\t\t\t<span class=\"elementor-button-content-wrapper\">\n\t\t\t\t\t\t<span class=\"elementor-button-icon\">\n\t\t\t\t<svg xmlns=\"http:\/\/www.w3.org\/2000\/svg\" width=\"24\" height=\"24\" viewBox=\"0 0 24 24\" fill=\"none\"><mask id=\"mask0_243_4804\" style=\"mask-type:alpha\" maskUnits=\"userSpaceOnUse\" x=\"0\" y=\"0\" width=\"24\" height=\"24\"><rect width=\"24\" height=\"24\" fill=\"#D9D9D9\"><\/rect><\/mask><g mask=\"url(#mask0_243_4804)\"><path d=\"M9.57511 12L5.70011 8.10005C5.51678 7.91672 5.42094 7.68755 5.41261 7.41255C5.40428 7.13755 5.50011 6.90005 5.70011 6.70005C5.88344 6.51672 6.11678 6.42505 6.40011 6.42505C6.68344 6.42505 6.91678 6.51672 7.10011 6.70005L11.7001 11.3C11.8001 11.4 11.8709 11.5084 11.9126 11.625C11.9543 11.7417 11.9751 11.8667 11.9751 12C11.9751 12.1334 11.9543 12.2584 11.9126 12.375C11.8709 12.4917 11.8001 12.6 11.7001 12.7L7.10011 17.3C6.91678 17.4834 6.68761 17.5792 6.41261 17.5875C6.13761 17.5959 5.90011 17.5 5.70011 17.3C5.51678 17.1167 5.42511 16.8834 5.42511 16.6C5.42511 16.3167 5.51678 16.0834 5.70011 15.9L9.57511 12ZM16.1751 12L12.3001 8.10005C12.1168 7.91672 12.0209 7.68755 12.0126 7.41255C12.0043 7.13755 12.1001 6.90005 12.3001 6.70005C12.4834 6.51672 12.7168 6.42505 13.0001 6.42505C13.2834 6.42505 13.5168 6.51672 13.7001 6.70005L18.3001 11.3C18.4001 11.4 18.4709 11.5084 18.5126 11.625C18.5543 11.7417 18.5751 11.8667 18.5751 12C18.5751 12.1334 18.5543 12.2584 18.5126 12.375C18.4709 12.4917 18.4001 12.6 18.3001 12.7L13.7001 17.3C13.5168 17.4834 13.2876 17.5792 13.0126 17.5875C12.7376 17.5959 12.5001 17.5 12.3001 17.3C12.1168 17.1167 12.0251 16.8834 12.0251 16.6C12.0251 16.3167 12.1168 16.0834 12.3001 15.9L16.1751 12Z\" fill=\"white\"><\/path><\/g><\/svg>\t\t\t<\/span>\n\t\t\t\t\t\t\t\t\t<span class=\"elementor-button-text\">Unser Team ansehen<\/span>\n\t\t\t\t\t<\/span>\n\t\t\t\t\t<\/a>\n\t\t\t\t<\/div>\n\t\t\t\t\t\t\t\t<\/div>\n\t\t\t\t<\/div>\n\t\t\t\t<\/div>\n\t\t\t\t\t<\/div>\n\t\t\t\t<\/div>\n\t\t\t\t\t<\/div>\n\t\t\t\t<\/div>\n\t\t<div class=\"elementor-element elementor-element-8f47aa1 elementor-hidden-mobile wit-ruimte-blok e-flex e-con-boxed e-con e-child\" data-id=\"8f47aa1\" data-element_type=\"container\" data-e-type=\"container\" data-settings=\"{&quot;background_background&quot;:&quot;classic&quot;}\">\n\t\t\t\t\t<div class=\"e-con-inner\">\n\t\t\t\t\t<\/div>\n\t\t\t\t<\/div>\n\t\t\t\t<div class=\"elementor-element elementor-element-0aedaf2 elementor-absolute hero-image elementor-widget elementor-widget-image\" data-id=\"0aedaf2\" data-element_type=\"widget\" data-e-type=\"widget\" data-settings=\"{&quot;_position&quot;:&quot;absolute&quot;}\" data-widget_type=\"image.default\">\n\t\t\t\t<div class=\"elementor-widget-container\">\n\t\t\t\t\t\t\t\t\t\t\t\t\t\t\t<img fetchpriority=\"high\" decoding=\"async\" width=\"800\" height=\"534\" src=\"https:\/\/www.scsolutions.eu\/wp-content\/uploads\/2024\/07\/Mockup-foto-1024x683.jpg\" class=\"attachment-large size-large wp-image-2544\" alt=\"\" srcset=\"https:\/\/www.scsolutions.eu\/wp-content\/uploads\/2024\/07\/Mockup-foto-1024x683.jpg 1024w, https:\/\/www.scsolutions.eu\/wp-content\/uploads\/2024\/07\/Mockup-foto-300x200.jpg 300w, https:\/\/www.scsolutions.eu\/wp-content\/uploads\/2024\/07\/Mockup-foto-768x512.jpg 768w, https:\/\/www.scsolutions.eu\/wp-content\/uploads\/2024\/07\/Mockup-foto-1536x1024.jpg 1536w, https:\/\/www.scsolutions.eu\/wp-content\/uploads\/2024\/07\/Mockup-foto.jpg 2048w\" sizes=\"(max-width: 800px) 100vw, 800px\" \/>\t\t\t\t\t\t\t\t\t\t\t\t\t\t\t<\/div>\n\t\t\t\t<\/div>\n\t\t\t\t<\/div>\n\t\t<div class=\"elementor-element elementor-element-9d38170 e-flex e-con-boxed e-con e-parent\" data-id=\"9d38170\" data-element_type=\"container\" data-e-type=\"container\" id=\"team\">\n\t\t\t\t\t<div class=\"e-con-inner\">\n\t\t<div class=\"elementor-element elementor-element-fc3ad7b e-con-full e-flex e-con e-child\" data-id=\"fc3ad7b\" data-element_type=\"container\" data-e-type=\"container\" data-settings=\"{&quot;background_background&quot;:&quot;classic&quot;}\">\n\t\t<div class=\"elementor-element elementor-element-60cc5a0 e-con-full e-flex e-con e-child\" data-id=\"60cc5a0\" data-element_type=\"container\" data-e-type=\"container\">\n\t\t\t\t<div class=\"elementor-element elementor-element-a7a72c7 elementor-widget elementor-widget-image\" data-id=\"a7a72c7\" data-element_type=\"widget\" data-e-type=\"widget\" data-widget_type=\"image.default\">\n\t\t\t\t<div class=\"elementor-widget-container\">\n\t\t\t\t\t\t\t\t\t\t\t\t\t\t\t<img decoding=\"async\" width=\"54\" height=\"15\" src=\"https:\/\/www.scsolutions.eu\/wp-content\/uploads\/2024\/07\/3-ruiten.svg\" class=\"attachment-large size-large wp-image-2562\" alt=\"\" \/>\t\t\t\t\t\t\t\t\t\t\t\t\t\t\t<\/div>\n\t\t\t\t<\/div>\n\t\t\t\t<div class=\"elementor-element elementor-element-0b158f9 elementor-widget elementor-widget-heading\" data-id=\"0b158f9\" data-element_type=\"widget\" data-e-type=\"widget\" data-widget_type=\"heading.default\">\n\t\t\t\t<div class=\"elementor-widget-container\">\n\t\t\t\t\t<h2 class=\"elementor-heading-title elementor-size-default\">Das macht uns besonders<\/h2>\t\t\t\t<\/div>\n\t\t\t\t<\/div>\n\t\t\t\t<div class=\"elementor-element elementor-element-dbc79ce elementor-widget elementor-widget-text-editor\" data-id=\"dbc79ce\" data-element_type=\"widget\" data-e-type=\"widget\" data-widget_type=\"text-editor.default\">\n\t\t\t\t<div class=\"elementor-widget-container\">\n\t\t\t\t\t\t\t\t\tIm Gegensatz zu anderen verf\u00fcgen wir \u00fcber ein Installations- und Serviceteam. Sie installieren Ihre Anlage, testen sie und liefern sie fachgerecht und funktionst\u00fcchtig aus. Dar\u00fcber hinaus stehen Ihnen unsere Techniker bei unerwartet auftretenden Fragen oder Problemen mit Rat und Tat zur Seite. Mit unserem 24\/7-Service werden Sie nicht von Pontius zu Pilatus geschickt, sondern k\u00f6nnen auf eine gute und zuverl\u00e4ssige Betreuung z\u00e4hlen.   \t\t\t\t\t\t\t\t<\/div>\n\t\t\t\t<\/div>\n\t\t\t\t<\/div>\n\t\t\t\t<\/div>\n\t\t<div class=\"elementor-element elementor-element-84352a6 e-con-full bg e-flex e-con e-child\" data-id=\"84352a6\" data-element_type=\"container\" data-e-type=\"container\" data-settings=\"{&quot;background_background&quot;:&quot;classic&quot;}\">\n\t\t<div class=\"elementor-element elementor-element-66fe4d5 e-con-full e-flex e-con e-child\" data-id=\"66fe4d5\" data-element_type=\"container\" data-e-type=\"container\">\n\t\t<div class=\"elementor-element elementor-element-f5c3daa e-con-full e-flex e-con e-child\" data-id=\"f5c3daa\" data-element_type=\"container\" data-e-type=\"container\">\n\t\t<div class=\"elementor-element elementor-element-46917da e-con-full e-flex e-con e-child\" data-id=\"46917da\" data-element_type=\"container\" data-e-type=\"container\">\n\t\t\t\t<div class=\"elementor-element elementor-element-8095f06 elementor-widget elementor-widget-image\" data-id=\"8095f06\" data-element_type=\"widget\" data-e-type=\"widget\" data-widget_type=\"image.default\">\n\t\t\t\t<div class=\"elementor-widget-container\">\n\t\t\t\t\t\t\t\t\t\t\t\t\t\t\t<img decoding=\"async\" width=\"54\" height=\"15\" src=\"https:\/\/www.scsolutions.eu\/wp-content\/uploads\/2024\/07\/3-ruiten.svg\" class=\"attachment-large size-large wp-image-2562\" alt=\"\" \/>\t\t\t\t\t\t\t\t\t\t\t\t\t\t\t<\/div>\n\t\t\t\t<\/div>\n\t\t\t\t<div class=\"elementor-element elementor-element-f646866 elementor-widget elementor-widget-heading\" data-id=\"f646866\" data-element_type=\"widget\" data-e-type=\"widget\" data-widget_type=\"heading.default\">\n\t\t\t\t<div class=\"elementor-widget-container\">\n\t\t\t\t\t<h2 class=\"elementor-heading-title elementor-size-default\">Unser Misie<\/h2>\t\t\t\t<\/div>\n\t\t\t\t<\/div>\n\t\t\t\t<div class=\"elementor-element elementor-element-f22d2f0 elementor-widget elementor-widget-text-editor\" data-id=\"f22d2f0\" data-element_type=\"widget\" data-e-type=\"widget\" data-widget_type=\"text-editor.default\">\n\t\t\t\t<div class=\"elementor-widget-container\">\n\t\t\t\t\t\t\t\t\tUnsere Mission ist es, Self Storage-Unternehmer im Bereich des Zugangsmanagements zu beraten, zu unterst\u00fctzen und ihnen den besten Service zu bieten. Durch unsere freundliche und professionelle Vorgehensweise sorgen wir daf\u00fcr, dass Sie rundum von allen Sorgen befreit werden, sodass Sie sich auf Ihre Kernt\u00e4tigkeiten konzentrieren k\u00f6nnen. \t\t\t\t\t\t\t\t<\/div>\n\t\t\t\t<\/div>\n\t\t\t\t<\/div>\n\t\t<div class=\"elementor-element elementor-element-a616b1d e-con-full e-flex e-con e-child\" data-id=\"a616b1d\" data-element_type=\"container\" data-e-type=\"container\">\n\t\t\t\t<div class=\"elementor-element elementor-element-6c98797 elementor-widget elementor-widget-image\" data-id=\"6c98797\" data-element_type=\"widget\" data-e-type=\"widget\" data-widget_type=\"image.default\">\n\t\t\t\t<div class=\"elementor-widget-container\">\n\t\t\t\t\t\t\t\t\t\t\t\t\t\t\t<img decoding=\"async\" width=\"54\" height=\"15\" src=\"https:\/\/www.scsolutions.eu\/wp-content\/uploads\/2024\/07\/3-ruiten.svg\" class=\"attachment-large size-large wp-image-2562\" alt=\"\" \/>\t\t\t\t\t\t\t\t\t\t\t\t\t\t\t<\/div>\n\t\t\t\t<\/div>\n\t\t\t\t<div class=\"elementor-element elementor-element-981f8aa elementor-widget elementor-widget-heading\" data-id=\"981f8aa\" data-element_type=\"widget\" data-e-type=\"widget\" data-widget_type=\"heading.default\">\n\t\t\t\t<div class=\"elementor-widget-container\">\n\t\t\t\t\t<h2 class=\"elementor-heading-title elementor-size-default\">Unsere Vision<\/h2>\t\t\t\t<\/div>\n\t\t\t\t<\/div>\n\t\t\t\t<div class=\"elementor-element elementor-element-eba2903 elementor-widget elementor-widget-text-editor\" data-id=\"eba2903\" data-element_type=\"widget\" data-e-type=\"widget\" data-widget_type=\"text-editor.default\">\n\t\t\t\t<div class=\"elementor-widget-container\">\n\t\t\t\t\t\t\t\t\tUnsere Vision ist es, ein effizienter und zuverl\u00e4ssiger Partner zu sein, der hochwertige L\u00f6sungen f\u00fcr den Self-Storage-Sektor bietet. Wir sind \u00fcberzeugt, dass hervorragende Qualit\u00e4t, Ehrlichkeit und kompetente Beratung entscheidend sind, um bei unseren Kunden und deren Mietern ein Gef\u00fchl der Sicherheit und des Vertrauens zu schaffen. \n\nQualit\u00e4t hat f\u00fcr uns oberste Priorit\u00e4t und wir halten, was wir versprechen.\t\t\t\t\t\t\t\t<\/div>\n\t\t\t\t<\/div>\n\t\t\t\t<\/div>\n\t\t\t\t<\/div>\n\t\t\t\t<div class=\"elementor-element elementor-element-807700b elementor-absolute vlak rechts1 elementor-widget elementor-widget-image\" data-id=\"807700b\" data-element_type=\"widget\" data-e-type=\"widget\" data-settings=\"{&quot;_position&quot;:&quot;absolute&quot;}\" data-widget_type=\"image.default\">\n\t\t\t\t<div class=\"elementor-widget-container\">\n\t\t\t\t\t\t\t\t\t\t\t\t\t\t\t<img fetchpriority=\"high\" decoding=\"async\" width=\"800\" height=\"534\" src=\"https:\/\/www.scsolutions.eu\/wp-content\/uploads\/2024\/07\/Mockup-foto-1024x683.jpg\" class=\"attachment-large size-large wp-image-2544\" alt=\"\" srcset=\"https:\/\/www.scsolutions.eu\/wp-content\/uploads\/2024\/07\/Mockup-foto-1024x683.jpg 1024w, https:\/\/www.scsolutions.eu\/wp-content\/uploads\/2024\/07\/Mockup-foto-300x200.jpg 300w, https:\/\/www.scsolutions.eu\/wp-content\/uploads\/2024\/07\/Mockup-foto-768x512.jpg 768w, https:\/\/www.scsolutions.eu\/wp-content\/uploads\/2024\/07\/Mockup-foto-1536x1024.jpg 1536w, https:\/\/www.scsolutions.eu\/wp-content\/uploads\/2024\/07\/Mockup-foto.jpg 2048w\" sizes=\"(max-width: 800px) 100vw, 800px\" \/>\t\t\t\t\t\t\t\t\t\t\t\t\t\t\t<\/div>\n\t\t\t\t<\/div>\n\t\t\t\t<\/div>\n\t\t\t\t<\/div>\n\t\t<div class=\"elementor-element elementor-element-419a85b e-con-full elementor-hidden-mobile e-flex e-con e-child\" data-id=\"419a85b\" data-element_type=\"container\" data-e-type=\"container\" data-settings=\"{&quot;background_background&quot;:&quot;classic&quot;}\">\n\t\t\t\t<\/div>\n\t\t\t\t\t<\/div>\n\t\t\t\t<\/div>\n\t\t<div class=\"elementor-element elementor-element-ed5d6ea cta-rechts e-flex e-con-boxed e-con e-parent\" data-id=\"ed5d6ea\" data-element_type=\"container\" data-e-type=\"container\">\n\t\t\t\t\t<div class=\"e-con-inner\">\n\t\t<div class=\"elementor-element elementor-element-a075831 e-con-full oranje oranje2 e-flex e-con e-child\" data-id=\"a075831\" data-element_type=\"container\" data-e-type=\"container\" data-settings=\"{&quot;background_background&quot;:&quot;classic&quot;}\">\n\t\t<div class=\"elementor-element elementor-element-f98ef16 e-con-full e-flex e-con e-child\" data-id=\"f98ef16\" data-element_type=\"container\" data-e-type=\"container\">\n\t\t\t\t<div class=\"elementor-element elementor-element-a48155c elementor-widget elementor-widget-text-editor\" data-id=\"a48155c\" data-element_type=\"widget\" data-e-type=\"widget\" data-widget_type=\"text-editor.default\">\n\t\t\t\t<div class=\"elementor-widget-container\">\n\t\t\t\t\t\t\t\t\t<p>Von unserer Schwesterfirma CAT Control Systems liefern und installieren wir unsere eigenen Schranken und Zubeh\u00f6r. Wir beraten Sie gerne hinsichtlich der optimalen L\u00f6sung f\u00fcr Ihre Situation. <br><br><strong>&#8211; Spezialist f\u00fcr Zugangskontrolle<\/strong><\/p>\t\t\t\t\t\t\t\t<\/div>\n\t\t\t\t<\/div>\n\t\t\t\t<\/div>\n\t\t\t\t<div class=\"elementor-element elementor-element-8c7f9de elementor-absolute elementor-hidden-mobile e-transform elementor-widget elementor-widget-image\" data-id=\"8c7f9de\" data-element_type=\"widget\" data-e-type=\"widget\" data-settings=\"{&quot;_position&quot;:&quot;absolute&quot;,&quot;_transform_flipX_effect&quot;:&quot;transform&quot;}\" data-widget_type=\"image.default\">\n\t\t\t\t<div class=\"elementor-widget-container\">\n\t\t\t\t\t\t\t\t\t\t\t\t\t\t\t<img decoding=\"async\" width=\"776\" height=\"992\" src=\"https:\/\/www.scsolutions.eu\/wp-content\/uploads\/2024\/08\/man-transparant2.png\" class=\"attachment-large size-large wp-image-2712\" alt=\"\" srcset=\"https:\/\/www.scsolutions.eu\/wp-content\/uploads\/2024\/08\/man-transparant2.png 776w, https:\/\/www.scsolutions.eu\/wp-content\/uploads\/2024\/08\/man-transparant2-235x300.png 235w, https:\/\/www.scsolutions.eu\/wp-content\/uploads\/2024\/08\/man-transparant2-768x982.png 768w\" sizes=\"(max-width: 776px) 100vw, 776px\" \/>\t\t\t\t\t\t\t\t\t\t\t\t\t\t\t<\/div>\n\t\t\t\t<\/div>\n\t\t\t\t<\/div>\n\t\t\t\t\t<\/div>\n\t\t\t\t<\/div>\n\t\t\t\t<\/div>\n\t\t","protected":false},"excerpt":{"rendered":"<p>Das Team Wir freuen uns, Ihnen zu Diensten zu sein. Wir verf\u00fcgen nicht nur \u00fcber eine gute kaufm\u00e4nnische Abteilung, in der die Beratung eine herausragende Rolle spielt. Dar\u00fcber hinaus verf\u00fcgen wir \u00fcber eine Arbeitsvorbereitungsabteilung, in der wir Ihren Anlagenplan in eine zuverl\u00e4ssige Zugangsl\u00f6sung umsetzen, sodass Sie sicher sein k\u00f6nnen, ein einwandfrei funktionierendes, ma\u00dfgeschneidertes System zu [&hellip;]<\/p>\n","protected":false},"author":1,"featured_media":0,"parent":0,"menu_order":0,"comment_status":"closed","ping_status":"closed","template":"","meta":{"_glsr_average":0,"_glsr_ranking":0,"_glsr_reviews":0,"footnotes":""},"class_list":["post-3133","page","type-page","status-publish","hentry"],"_links":{"self":[{"href":"https:\/\/www.scsolutions.eu\/de\/wp-json\/wp\/v2\/pages\/3133","targetHints":{"allow":["GET"]}}],"collection":[{"href":"https:\/\/www.scsolutions.eu\/de\/wp-json\/wp\/v2\/pages"}],"about":[{"href":"https:\/\/www.scsolutions.eu\/de\/wp-json\/wp\/v2\/types\/page"}],"author":[{"embeddable":true,"href":"https:\/\/www.scsolutions.eu\/de\/wp-json\/wp\/v2\/users\/1"}],"replies":[{"embeddable":true,"href":"https:\/\/www.scsolutions.eu\/de\/wp-json\/wp\/v2\/comments?post=3133"}],"version-history":[{"count":0,"href":"https:\/\/www.scsolutions.eu\/de\/wp-json\/wp\/v2\/pages\/3133\/revisions"}],"wp:attachment":[{"href":"https:\/\/www.scsolutions.eu\/de\/wp-json\/wp\/v2\/media?parent=3133"}],"curies":[{"name":"wp","href":"https:\/\/api.w.org\/{rel}","templated":true}]}}